{"id":2258,"date":"2025-08-07T11:03:19","date_gmt":"2025-08-07T15:03:19","guid":{"rendered":"https:\/\/kanedu.ca\/?page_id=2258"},"modified":"2025-12-10T14:22:31","modified_gmt":"2025-12-10T19:22:31","slug":"kec-policies","status":"publish","type":"page","link":"https:\/\/kanedu.ca\/fr\/kec-policies\/","title":{"rendered":"Politiques du KEC"},"content":{"rendered":"\t\t<div data-elementor-type=\"wp-page\" data-elementor-id=\"2258\" class=\"elementor elementor-2258 elementor-2257\" data-elementor-post-type=\"page\">\n\t\t\t\t<div class=\"elementor-element elementor-element-aae30c6 e-flex e-con-boxed e-con e-parent\" data-id=\"aae30c6\" data-element_type=\"container\" data-e-type=\"container\" data-settings=\"{&quot;background_background&quot;:&quot;classic&quot;}\">\n\t\t\t\t\t<div class=\"e-con-inner\">\n\t\t<div class=\"elementor-element elementor-element-32413652 e-con-full e-flex e-con e-child\" data-id=\"32413652\" data-element_type=\"container\" data-e-type=\"container\">\n\t\t\t\t<\/div>\n\t\t\t\t<div class=\"elementor-element elementor-element-7e947f60 elementor-widget elementor-widget-heading\" data-id=\"7e947f60\" data-element_type=\"widget\" data-e-type=\"widget\" data-widget_type=\"heading.default\">\n\t\t\t\t<div class=\"elementor-widget-container\">\n\t\t\t\t\t<h1 class=\"elementor-heading-title elementor-size-default\">Politiques du KEC<\/h1>\t\t\t\t<\/div>\n\t\t\t\t<\/div>\n\t\t\t\t\t<\/div>\n\t\t\t\t<\/div>\n\t\t<div class=\"elementor-element elementor-element-4bf215b e-flex e-con-boxed e-con e-parent\" data-id=\"4bf215b\" data-element_type=\"container\" data-e-type=\"container\">\n\t\t\t\t\t<div class=\"e-con-inner\">\n\t\t\t\t<div class=\"elementor-element elementor-element-2637e8c2 elementor-widget elementor-widget-breadcrumbs\" data-id=\"2637e8c2\" data-element_type=\"widget\" data-e-type=\"widget\" data-widget_type=\"breadcrumbs.default\">\n\t\t\t\t<div class=\"elementor-widget-container\">\n\t\t\t\t\t<p id=\"breadcrumbs\"><span><span><a href=\"https:\/\/kanedu.ca\/fr\/\">Kanehsat\u00e0:ke Education Center<\/a><\/span><\/span><\/p>\t\t\t\t<\/div>\n\t\t\t\t<\/div>\n\t\t\t\t\t<\/div>\n\t\t\t\t<\/div>\n\t\t<div class=\"elementor-element elementor-element-4305763 e-flex e-con-boxed e-con e-parent\" data-id=\"4305763\" data-element_type=\"container\" data-e-type=\"container\" data-settings=\"{&quot;background_background&quot;:&quot;classic&quot;}\">\n\t\t\t\t\t<div class=\"e-con-inner\">\n\t\t<div class=\"elementor-element elementor-element-ab8c3ce e-con-full e-flex e-con e-child\" data-id=\"ab8c3ce\" data-element_type=\"container\" data-e-type=\"container\">\n\t\t\t\t<div class=\"elementor-element elementor-element-cbfde51 elementor-widget elementor-widget-heading\" data-id=\"cbfde51\" data-element_type=\"widget\" data-e-type=\"widget\" data-widget_type=\"heading.default\">\n\t\t\t\t<div class=\"elementor-widget-container\">\n\t\t\t\t\t<h2 class=\"elementor-heading-title elementor-size-default\">Politique de la pause du printemps <\/h2>\t\t\t\t<\/div>\n\t\t\t\t<\/div>\n\t\t\t\t<div class=\"elementor-element elementor-element-55383bd elementor-widget elementor-widget-text-editor\" data-id=\"55383bd\" data-element_type=\"widget\" data-e-type=\"widget\" data-widget_type=\"text-editor.default\">\n\t\t\t\t<div class=\"elementor-widget-container\">\n\t\t\t\t\t\t\t\t\t<p>En harmonie avec les coutumes et la vision du monde kanien\u2019keh\u00e1:ka, Kakwi\u2019tene Nikahawi repr\u00e9sente une p\u00e9riode de ressourcement, de purification et de renouveau. C\u2019est le moment de rendre gr\u00e2ce \u00e0 Wahta (l\u2019\u00c9rable), le guide de notre arbre de vie. Il nous offre les premiers signes du printemps et son eau constitue le premier aliment qui nous purifie apr\u00e8s la saison hivernale. Ces coutumes et cette vision du monde sont directement li\u00e9es \u00e0 notre sant\u00e9 physique et mentale, et constituent des \u00e9l\u00e9ments fondamentaux de notre bien-\u00eatre holistique.<\/p><p>\u00a0<\/p><p>Pour les Kanien\u2019keh\u00e1:ka, Ka\u2019nikonhri:io (l\u2019Esprit Juste \/ Good Mind) \u2014 fondement de Kaiennare\u2019ko:wa (la Grande Loi de la Paix) \u2014 illustre et oriente les principes du bien-\u00eatre holistique en reconnaissant l\u2019interconnexion entre notre sant\u00e9 physique, mentale, \u00e9motionnelle, spirituelle, collective et environnementale.<\/p><p>\u00a0<\/p><p>Kanehsat\u00e0:ke Tsi Ionthiatonhseraweienhst\u00e1hkhwa (KEC) reconna\u00eet et valorise l\u2019importance de cultiver un milieu de travail sain et de prendre le temps de faire de la place au mieux-\u00eatre. Cette politique offre aux employ\u00e9s et aux \u00e9l\u00e8ves l\u2019occasion de s\u2019engager dans des activit\u00e9s r\u00e9g\u00e9n\u00e9ratrices qui honorent le bien-\u00eatre personnel, familial et communautaire. Elle met de l\u2019avant l\u2019id\u00e9e que prendre du temps pour son mieux-\u00eatre enrichit la vie des employ\u00e9s et am\u00e9liore leur capacit\u00e9 \u00e0 soutenir pleinement les \u00e9l\u00e8ves \u00e0 leur retour de la pause du KEC.<\/p>\t\t\t\t\t\t\t\t<\/div>\n\t\t\t\t<\/div>\n\t\t\t\t<div class=\"elementor-element elementor-element-3539105 elementor-widget elementor-widget-button\" data-id=\"3539105\" data-element_type=\"widget\" data-e-type=\"widget\" data-widget_type=\"button.default\">\n\t\t\t\t<div class=\"elementor-widget-container\">\n\t\t\t\t\t\t\t\t\t<div class=\"elementor-button-wrapper\">\n\t\t\t\t\t<a class=\"elementor-button elementor-button-link elementor-size-sm\" href=\"\/wp-content\/uploads\/2025\/08\/Spring_Break_Policy_Final_Jan-2025_KEC.pdf\" target=\"_blank\">\n\t\t\t\t\t\t<span class=\"elementor-button-content-wrapper\">\n\t\t\t\t\t\t\t\t\t<span class=\"elementor-button-text\">LIRE LA POLITIQUE<\/span>\n\t\t\t\t\t<\/span>\n\t\t\t\t\t<\/a>\n\t\t\t\t<\/div>\n\t\t\t\t\t\t\t\t<\/div>\n\t\t\t\t<\/div>\n\t\t\t\t<\/div>\n\t\t\t\t\t<\/div>\n\t\t\t\t<\/div>\n\t\t<div class=\"elementor-element elementor-element-87cf1f2 e-flex e-con-boxed e-con e-parent\" data-id=\"87cf1f2\" data-element_type=\"container\" data-e-type=\"container\">\n\t\t\t\t\t<div class=\"e-con-inner\">\n\t\t<div class=\"elementor-element elementor-element-4fe6a0a e-con-full e-flex e-con e-child\" data-id=\"4fe6a0a\" data-element_type=\"container\" data-e-type=\"container\">\n\t\t\t\t<div class=\"elementor-element elementor-element-43d26675 elementor-widget elementor-widget-heading\" data-id=\"43d26675\" data-element_type=\"widget\" data-e-type=\"widget\" data-widget_type=\"heading.default\">\n\t\t\t\t<div class=\"elementor-widget-container\">\n\t\t\t\t\t<h2 class=\"elementor-heading-title elementor-size-default\">Politique de financement des \u00e9tudes postsecondaires<\/h2>\t\t\t\t<\/div>\n\t\t\t\t<\/div>\n\t\t\t\t<div class=\"elementor-element elementor-element-244c31d5 elementor-widget elementor-widget-text-editor\" data-id=\"244c31d5\" data-element_type=\"widget\" data-e-type=\"widget\" data-widget_type=\"text-editor.default\">\n\t\t\t\t<div class=\"elementor-widget-container\">\n\t\t\t\t\t\t\t\t\t<p>Le Centre d\u2019\u00e9ducation de Kanehsat\u00e0:ke (KEC) est responsable de la distribution juste et appropri\u00e9e du financement destin\u00e9 aux \u00e9tudiants postsecondaires. Cette politique vise \u00e0 assurer que les services et les fonds soient offerts aux \u00e9tudiants admissibles, tout en tenant compte des contraintes financi\u00e8res.<br \/><br \/><\/p><p>Services aux Autochtones Canada fournit un soutien \u00e0 l\u2019\u00e9ducation postsecondaire aux participants admissibles par l\u2019interm\u00e9diaire du Programme d\u2019aide aux \u00e9tudiants de niveau postsecondaire (PAENP \/ PSSSP) et du Programme de pr\u00e9paration \u00e0 l\u2019entr\u00e9e \u00e0 l\u2019universit\u00e9 et au coll\u00e8ge (UCEP). Le Programme d\u2019aide aux \u00e9tudes postsecondaires offre un financement et des services permettant aux \u00e9tudiants de fr\u00e9quenter des \u00e9tablissements postsecondaires reconnus (coll\u00e8ges et universit\u00e9s), et sert de soutien compl\u00e9mentaire aux ressources d\u00e9j\u00e0 disponibles pour l\u2019\u00e9tudiant.<br \/><br \/><\/p><p>Cette politique sera r\u00e9vis\u00e9e, au minimum, une fois tous les quatre (4) ans.<\/p><p>\u00a0<\/p><p>Le Centre d\u2019\u00e9ducation de Kanehsat\u00e0:ke (KEC) soutient les \u00e9tudiants qui souhaitent poursuivre des \u00e9tudes postsecondaires. Le KEC est tenu de respecter les crit\u00e8res d\u2019admissibilit\u00e9, les politiques et les exigences de reddition de comptes associ\u00e9es aux programmes. Toutefois, lorsque cela est possible, le KEC peut aussi ajuster ses politiques afin de r\u00e9pondre aux besoins de la communaut\u00e9.<br \/><br \/><\/p><p>Le KEC s\u2019engage \u00e0 fournir l\u2019information, \u00e0 g\u00e9rer les ressources et \u00e0 mettre en \u0153uvre les proc\u00e9dures administratives n\u00e9cessaires \u00e0 la r\u00e9alisation de ces programmes.<br \/><br \/><\/p><p>Il est important de souligner que la formule de financement du PSE d\u2019ISC pour les allocations \u00e9tudiantes est gel\u00e9e depuis trente (30) ans. Les frais de scolarit\u00e9 exig\u00e9s par les \u00e9tablissements postsecondaires du Qu\u00e9bec (c\u00e9geps et universit\u00e9s) ont largement d\u00e9pass\u00e9 les montants accord\u00e9s durant cette p\u00e9riode.<\/p>\t\t\t\t\t\t\t\t<\/div>\n\t\t\t\t<\/div>\n\t\t\t\t<div class=\"elementor-element elementor-element-7124121c elementor-align-left elementor-widget elementor-widget-button\" data-id=\"7124121c\" data-element_type=\"widget\" data-e-type=\"widget\" data-widget_type=\"button.default\">\n\t\t\t\t<div class=\"elementor-widget-container\">\n\t\t\t\t\t\t\t\t\t<div class=\"elementor-button-wrapper\">\n\t\t\t\t\t<a class=\"elementor-button elementor-button-link elementor-size-sm\" href=\"\/wp-content\/uploads\/2025\/08\/Post-Secondary-Policy_KEC.pdf\" target=\"_blank\">\n\t\t\t\t\t\t<span class=\"elementor-button-content-wrapper\">\n\t\t\t\t\t\t\t\t\t<span class=\"elementor-button-text\">LIRE LA POLITIQUE<\/span>\n\t\t\t\t\t<\/span>\n\t\t\t\t\t<\/a>\n\t\t\t\t<\/div>\n\t\t\t\t\t\t\t\t<\/div>\n\t\t\t\t<\/div>\n\t\t\t\t<\/div>\n\t\t\t\t\t<\/div>\n\t\t\t\t<\/div>\n\t\t<div class=\"elementor-element elementor-element-2a962eb7 e-flex e-con-boxed e-con e-parent\" data-id=\"2a962eb7\" data-element_type=\"container\" data-e-type=\"container\">\n\t\t\t\t\t<div class=\"e-con-inner\">\n\t\t<div class=\"elementor-element elementor-element-38b1667b e-con-full e-flex e-con e-child\" data-id=\"38b1667b\" data-element_type=\"container\" data-e-type=\"container\" data-settings=\"{&quot;background_background&quot;:&quot;classic&quot;}\">\n\t\t\t\t<div class=\"elementor-element elementor-element-38b51653 elementor-widget elementor-widget-heading\" data-id=\"38b51653\" data-element_type=\"widget\" data-e-type=\"widget\" data-widget_type=\"heading.default\">\n\t\t\t\t<div class=\"elementor-widget-container\">\n\t\t\t\t\t<h3 class=\"elementor-heading-title elementor-size-default\">\u00e9cole secondaire<\/h3>\t\t\t\t<\/div>\n\t\t\t\t<\/div>\n\t\t\t\t<div class=\"elementor-element elementor-element-3d59b2e elementor-widget elementor-widget-heading\" data-id=\"3d59b2e\" data-element_type=\"widget\" data-e-type=\"widget\" data-widget_type=\"heading.default\">\n\t\t\t\t<div class=\"elementor-widget-container\">\n\t\t\t\t\t<h2 class=\"elementor-heading-title elementor-size-default\">Rotiwennak\u00e9hte<\/h2>\t\t\t\t<\/div>\n\t\t\t\t<\/div>\n\t\t\t\t<div class=\"elementor-element elementor-element-94d4aa0 elementor-widget elementor-widget-button\" data-id=\"94d4aa0\" data-element_type=\"widget\" data-e-type=\"widget\" data-widget_type=\"button.default\">\n\t\t\t\t<div class=\"elementor-widget-container\">\n\t\t\t\t\t\t\t\t\t<div class=\"elementor-button-wrapper\">\n\t\t\t\t\t<a class=\"elementor-button elementor-button-link elementor-size-sm\" href=\"https:\/\/kanedu.ca\/fr\/les-ecoles\/ecole-secondaire-ratihente\/\">\n\t\t\t\t\t\t<span class=\"elementor-button-content-wrapper\">\n\t\t\t\t\t\t\t\t\t<span class=\"elementor-button-text\">\u00c0 PROPOS<\/span>\n\t\t\t\t\t<\/span>\n\t\t\t\t\t<\/a>\n\t\t\t\t<\/div>\n\t\t\t\t\t\t\t\t<\/div>\n\t\t\t\t<\/div>\n\t\t\t\t<\/div>\n\t\t<div class=\"elementor-element elementor-element-59732fd8 e-con-full e-flex e-con e-child\" data-id=\"59732fd8\" data-element_type=\"container\" data-e-type=\"container\" data-settings=\"{&quot;background_background&quot;:&quot;classic&quot;}\">\n\t\t\t\t<div class=\"elementor-element elementor-element-987f45a elementor-widget elementor-widget-heading\" data-id=\"987f45a\" data-element_type=\"widget\" data-e-type=\"widget\" data-widget_type=\"heading.default\">\n\t\t\t\t<div class=\"elementor-widget-container\">\n\t\t\t\t\t<h3 class=\"elementor-heading-title elementor-size-default\">\u00e9cole primaire<\/h3>\t\t\t\t<\/div>\n\t\t\t\t<\/div>\n\t\t\t\t<div class=\"elementor-element elementor-element-ae15bfa elementor-widget elementor-widget-heading\" data-id=\"ae15bfa\" data-element_type=\"widget\" data-e-type=\"widget\" data-widget_type=\"heading.default\">\n\t\t\t\t<div class=\"elementor-widget-container\">\n\t\t\t\t\t<h2 class=\"elementor-heading-title elementor-size-default\">Ratih\u00e9n:te<\/h2>\t\t\t\t<\/div>\n\t\t\t\t<\/div>\n\t\t\t\t<div class=\"elementor-element elementor-element-7572aa9b elementor-widget elementor-widget-button\" data-id=\"7572aa9b\" data-element_type=\"widget\" data-e-type=\"widget\" data-widget_type=\"button.default\">\n\t\t\t\t<div class=\"elementor-widget-container\">\n\t\t\t\t\t\t\t\t\t<div class=\"elementor-button-wrapper\">\n\t\t\t\t\t<a class=\"elementor-button elementor-button-link elementor-size-sm\" href=\"https:\/\/kanedu.ca\/fr\/les-ecoles\/ecole-primaire-rotiwennakehte\/\">\n\t\t\t\t\t\t<span class=\"elementor-button-content-wrapper\">\n\t\t\t\t\t\t\t\t\t<span class=\"elementor-button-text\">\u00c0 PROPOS<\/span>\n\t\t\t\t\t<\/span>\n\t\t\t\t\t<\/a>\n\t\t\t\t<\/div>\n\t\t\t\t\t\t\t\t<\/div>\n\t\t\t\t<\/div>\n\t\t\t\t<\/div>\n\t\t\t\t\t<\/div>\n\t\t\t\t<\/div>\n\t\t\t\t<\/div>\n\t\t","protected":false},"excerpt":{"rendered":"<p>Politiques du KEC Politique de la pause du printemps En harmonie avec les coutumes et la vision du monde kanien\u2019keh\u00e1:ka, Kakwi\u2019tene Nikahawi repr\u00e9sente une p\u00e9riode de ressourcement, de purification et de renouveau. C\u2019est le moment de rendre gr\u00e2ce \u00e0 Wahta (l\u2019\u00c9rable), le guide de notre arbre de vie. Il nous offre les premiers signes du [&hellip;]<\/p>\n","protected":false},"author":1,"featured_media":0,"parent":0,"menu_order":0,"comment_status":"closed","ping_status":"closed","template":"","meta":{"_acf_changed":false,"footnotes":""},"class_list":["post-2258","page","type-page","status-publish","hentry"],"acf":[],"yoast_head":"<!-- This site is optimized with the Yoast SEO plugin v27.5 - https:\/\/yoast.com\/product\/yoast-seo-wordpress\/ -->\n<title>Politiques du KEC - Kanehsat\u00e0:ke Education Center<\/title>\n<meta name=\"robots\" content=\"index, follow, max-snippet:-1, max-image-preview:large, max-video-preview:-1\" \/>\n<link rel=\"canonical\" href=\"https:\/\/kanedu.ca\/fr\/kec-policies\/\" \/>\n<meta property=\"og:locale\" content=\"fr_FR\" \/>\n<meta property=\"og:type\" content=\"article\" \/>\n<meta property=\"og:title\" content=\"Politiques du KEC - Kanehsat\u00e0:ke Education Center\" \/>\n<meta property=\"og:description\" content=\"Politiques du KEC Politique de la pause du printemps En harmonie avec les coutumes et la vision du monde kanien\u2019keh\u00e1:ka, Kakwi\u2019tene Nikahawi repr\u00e9sente une p\u00e9riode de ressourcement, de purification et de renouveau. C\u2019est le moment de rendre gr\u00e2ce \u00e0 Wahta (l\u2019\u00c9rable), le guide de notre arbre de vie. Il nous offre les premiers signes du [&hellip;]\" \/>\n<meta property=\"og:url\" content=\"https:\/\/kanedu.ca\/fr\/kec-policies\/\" \/>\n<meta property=\"og:site_name\" content=\"Kanehsat\u00e0:ke Education Center\" \/>\n<meta property=\"article:publisher\" content=\"https:\/\/www.facebook.com\/profile.php?id=61558653038752\" \/>\n<meta property=\"article:modified_time\" content=\"2025-12-10T19:22:31+00:00\" \/>\n<meta name=\"twitter:card\" content=\"summary_large_image\" \/>\n<meta name=\"twitter:label1\" content=\"Dur\u00e9e de lecture estim\u00e9e\" \/>\n\t<meta name=\"twitter:data1\" content=\"3 minutes\" \/>\n<script type=\"application\/ld+json\" class=\"yoast-schema-graph\">{\"@context\":\"https:\\\/\\\/schema.org\",\"@graph\":[{\"@type\":\"WebPage\",\"@id\":\"https:\\\/\\\/kanedu.ca\\\/fr\\\/kec-policies\\\/\",\"url\":\"https:\\\/\\\/kanedu.ca\\\/fr\\\/kec-policies\\\/\",\"name\":\"Politiques du KEC - Kanehsat\u00e0:ke Education Center\",\"isPartOf\":{\"@id\":\"https:\\\/\\\/kanedu.ca\\\/fr\\\/#website\"},\"datePublished\":\"2025-08-07T15:03:19+00:00\",\"dateModified\":\"2025-12-10T19:22:31+00:00\",\"breadcrumb\":{\"@id\":\"https:\\\/\\\/kanedu.ca\\\/fr\\\/kec-policies\\\/#breadcrumb\"},\"inLanguage\":\"fr-FR\",\"potentialAction\":[{\"@type\":\"ReadAction\",\"target\":[\"https:\\\/\\\/kanedu.ca\\\/fr\\\/kec-policies\\\/\"]}]},{\"@type\":\"BreadcrumbList\",\"@id\":\"https:\\\/\\\/kanedu.ca\\\/fr\\\/kec-policies\\\/#breadcrumb\",\"itemListElement\":[{\"@type\":\"ListItem\",\"position\":1,\"name\":\"Kanehsat\u00e0:ke Education Center\",\"item\":\"https:\\\/\\\/kanedu.ca\\\/fr\\\/\"},{\"@type\":\"ListItem\",\"position\":2,\"name\":\"Politiques du KEC\"}]},{\"@type\":\"WebSite\",\"@id\":\"https:\\\/\\\/kanedu.ca\\\/fr\\\/#website\",\"url\":\"https:\\\/\\\/kanedu.ca\\\/fr\\\/\",\"name\":\"Kanehsat\u00e0:ke Education Center\",\"description\":\"\",\"publisher\":{\"@id\":\"https:\\\/\\\/kanedu.ca\\\/fr\\\/#organization\"},\"potentialAction\":[{\"@type\":\"SearchAction\",\"target\":{\"@type\":\"EntryPoint\",\"urlTemplate\":\"https:\\\/\\\/kanedu.ca\\\/fr\\\/?s={search_term_string}\"},\"query-input\":{\"@type\":\"PropertyValueSpecification\",\"valueRequired\":true,\"valueName\":\"search_term_string\"}}],\"inLanguage\":\"fr-FR\"},{\"@type\":\"Organization\",\"@id\":\"https:\\\/\\\/kanedu.ca\\\/fr\\\/#organization\",\"name\":\"Kanehsat\u00e0:ke Education Center\",\"url\":\"https:\\\/\\\/kanedu.ca\\\/fr\\\/\",\"logo\":{\"@type\":\"ImageObject\",\"inLanguage\":\"fr-FR\",\"@id\":\"https:\\\/\\\/kanedu.ca\\\/fr\\\/#\\\/schema\\\/logo\\\/image\\\/\",\"url\":\"https:\\\/\\\/kanedu.ca\\\/wp-content\\\/uploads\\\/2024\\\/11\\\/kec-logo.png\",\"contentUrl\":\"https:\\\/\\\/kanedu.ca\\\/wp-content\\\/uploads\\\/2024\\\/11\\\/kec-logo.png\",\"width\":367,\"height\":366,\"caption\":\"Kanehsat\u00e0:ke Education Center\"},\"image\":{\"@id\":\"https:\\\/\\\/kanedu.ca\\\/fr\\\/#\\\/schema\\\/logo\\\/image\\\/\"},\"sameAs\":[\"https:\\\/\\\/www.facebook.com\\\/profile.php?id=61558653038752\"]}]}<\/script>\n<!-- \/ Yoast SEO plugin. -->","yoast_head_json":{"title":"Politiques du KEC - Kanehsat\u00e0:ke Education Center","robots":{"index":"index","follow":"follow","max-snippet":"max-snippet:-1","max-image-preview":"max-image-preview:large","max-video-preview":"max-video-preview:-1"},"canonical":"https:\/\/kanedu.ca\/fr\/kec-policies\/","og_locale":"fr_FR","og_type":"article","og_title":"Politiques du KEC - Kanehsat\u00e0:ke Education Center","og_description":"Politiques du KEC Politique de la pause du printemps En harmonie avec les coutumes et la vision du monde kanien\u2019keh\u00e1:ka, Kakwi\u2019tene Nikahawi repr\u00e9sente une p\u00e9riode de ressourcement, de purification et de renouveau. C\u2019est le moment de rendre gr\u00e2ce \u00e0 Wahta (l\u2019\u00c9rable), le guide de notre arbre de vie. Il nous offre les premiers signes du [&hellip;]","og_url":"https:\/\/kanedu.ca\/fr\/kec-policies\/","og_site_name":"Kanehsat\u00e0:ke Education Center","article_publisher":"https:\/\/www.facebook.com\/profile.php?id=61558653038752","article_modified_time":"2025-12-10T19:22:31+00:00","twitter_card":"summary_large_image","twitter_misc":{"Dur\u00e9e de lecture estim\u00e9e":"3 minutes"},"schema":{"@context":"https:\/\/schema.org","@graph":[{"@type":"WebPage","@id":"https:\/\/kanedu.ca\/fr\/kec-policies\/","url":"https:\/\/kanedu.ca\/fr\/kec-policies\/","name":"Politiques du KEC - Kanehsat\u00e0:ke Education Center","isPartOf":{"@id":"https:\/\/kanedu.ca\/fr\/#website"},"datePublished":"2025-08-07T15:03:19+00:00","dateModified":"2025-12-10T19:22:31+00:00","breadcrumb":{"@id":"https:\/\/kanedu.ca\/fr\/kec-policies\/#breadcrumb"},"inLanguage":"fr-FR","potentialAction":[{"@type":"ReadAction","target":["https:\/\/kanedu.ca\/fr\/kec-policies\/"]}]},{"@type":"BreadcrumbList","@id":"https:\/\/kanedu.ca\/fr\/kec-policies\/#breadcrumb","itemListElement":[{"@type":"ListItem","position":1,"name":"Kanehsat\u00e0:ke Education Center","item":"https:\/\/kanedu.ca\/fr\/"},{"@type":"ListItem","position":2,"name":"Politiques du KEC"}]},{"@type":"WebSite","@id":"https:\/\/kanedu.ca\/fr\/#website","url":"https:\/\/kanedu.ca\/fr\/","name":"Kanehsat\u00e0:ke Education Center","description":"","publisher":{"@id":"https:\/\/kanedu.ca\/fr\/#organization"},"potentialAction":[{"@type":"SearchAction","target":{"@type":"EntryPoint","urlTemplate":"https:\/\/kanedu.ca\/fr\/?s={search_term_string}"},"query-input":{"@type":"PropertyValueSpecification","valueRequired":true,"valueName":"search_term_string"}}],"inLanguage":"fr-FR"},{"@type":"Organization","@id":"https:\/\/kanedu.ca\/fr\/#organization","name":"Kanehsat\u00e0:ke Education Center","url":"https:\/\/kanedu.ca\/fr\/","logo":{"@type":"ImageObject","inLanguage":"fr-FR","@id":"https:\/\/kanedu.ca\/fr\/#\/schema\/logo\/image\/","url":"https:\/\/kanedu.ca\/wp-content\/uploads\/2024\/11\/kec-logo.png","contentUrl":"https:\/\/kanedu.ca\/wp-content\/uploads\/2024\/11\/kec-logo.png","width":367,"height":366,"caption":"Kanehsat\u00e0:ke Education Center"},"image":{"@id":"https:\/\/kanedu.ca\/fr\/#\/schema\/logo\/image\/"},"sameAs":["https:\/\/www.facebook.com\/profile.php?id=61558653038752"]}]}},"_links":{"self":[{"href":"https:\/\/kanedu.ca\/fr\/wp-json\/wp\/v2\/pages\/2258","targetHints":{"allow":["GET"]}}],"collection":[{"href":"https:\/\/kanedu.ca\/fr\/wp-json\/wp\/v2\/pages"}],"about":[{"href":"https:\/\/kanedu.ca\/fr\/wp-json\/wp\/v2\/types\/page"}],"author":[{"embeddable":true,"href":"https:\/\/kanedu.ca\/fr\/wp-json\/wp\/v2\/users\/1"}],"replies":[{"embeddable":true,"href":"https:\/\/kanedu.ca\/fr\/wp-json\/wp\/v2\/comments?post=2258"}],"version-history":[{"count":18,"href":"https:\/\/kanedu.ca\/fr\/wp-json\/wp\/v2\/pages\/2258\/revisions"}],"predecessor-version":[{"id":3187,"href":"https:\/\/kanedu.ca\/fr\/wp-json\/wp\/v2\/pages\/2258\/revisions\/3187"}],"wp:attachment":[{"href":"https:\/\/kanedu.ca\/fr\/wp-json\/wp\/v2\/media?parent=2258"}],"curies":[{"name":"wp","href":"https:\/\/api.w.org\/{rel}","templated":true}]}}