{"id":1991,"date":"2024-11-08T09:25:35","date_gmt":"2024-11-08T14:25:35","guid":{"rendered":"https:\/\/kanedu.ca\/repertoire-du-comite-de-la-vie-etudiante\/"},"modified":"2025-12-10T14:25:47","modified_gmt":"2025-12-10T19:25:47","slug":"comite-de-la-vie-etudiante","status":"publish","type":"page","link":"https:\/\/kanedu.ca\/fr\/comite-de-la-vie-etudiante\/","title":{"rendered":"Comit\u00e9 de la vie \u00e9tudiante"},"content":{"rendered":"\t\t<div data-elementor-type=\"wp-page\" data-elementor-id=\"1991\" class=\"elementor elementor-1991 elementor-43\" data-elementor-post-type=\"page\">\n\t\t\t\t<div class=\"elementor-element elementor-element-3146ef4d e-flex e-con-boxed e-con e-parent\" data-id=\"3146ef4d\" data-element_type=\"container\" data-e-type=\"container\" data-settings=\"{&quot;background_background&quot;:&quot;classic&quot;}\">\n\t\t\t\t\t<div class=\"e-con-inner\">\n\t\t<div class=\"elementor-element elementor-element-6e19b9b e-con-full e-flex e-con e-child\" data-id=\"6e19b9b\" data-element_type=\"container\" data-e-type=\"container\">\n\t\t\t\t<\/div>\n\t\t\t\t<div class=\"elementor-element elementor-element-10d43f85 elementor-widget elementor-widget-heading\" data-id=\"10d43f85\" data-element_type=\"widget\" data-e-type=\"widget\" data-widget_type=\"heading.default\">\n\t\t\t\t<div class=\"elementor-widget-container\">\n\t\t\t\t\t<h1 class=\"elementor-heading-title elementor-size-default\">Comit\u00e9 de la vie \u00e9tudiante<\/h1>\t\t\t\t<\/div>\n\t\t\t\t<\/div>\n\t\t\t\t\t<\/div>\n\t\t\t\t<\/div>\n\t\t<div class=\"elementor-element elementor-element-7ebae4d4 e-flex e-con-boxed e-con e-parent\" data-id=\"7ebae4d4\" data-element_type=\"container\" data-e-type=\"container\">\n\t\t\t\t\t<div class=\"e-con-inner\">\n\t\t\t\t<div class=\"elementor-element elementor-element-6839248d elementor-widget elementor-widget-breadcrumbs\" data-id=\"6839248d\" data-element_type=\"widget\" data-e-type=\"widget\" data-widget_type=\"breadcrumbs.default\">\n\t\t\t\t<div class=\"elementor-widget-container\">\n\t\t\t\t\t<p id=\"breadcrumbs\"><span><span><a href=\"https:\/\/kanedu.ca\/fr\/\">Kanehsat\u00e0:ke Education Center<\/a><\/span><\/span><\/p>\t\t\t\t<\/div>\n\t\t\t\t<\/div>\n\t\t\t\t\t<\/div>\n\t\t\t\t<\/div>\n\t\t<div class=\"elementor-element elementor-element-4f3facb e-flex e-con-boxed e-con e-parent\" data-id=\"4f3facb\" data-element_type=\"container\" data-e-type=\"container\" data-settings=\"{&quot;background_background&quot;:&quot;classic&quot;}\">\n\t\t\t\t\t<div class=\"e-con-inner\">\n\t\t<div class=\"elementor-element elementor-element-6ed5ab3 e-con-full e-flex e-con e-child\" data-id=\"6ed5ab3\" data-element_type=\"container\" data-e-type=\"container\">\n\t\t\t\t<div class=\"elementor-element elementor-element-9d51277 elementor-widget elementor-widget-heading\" data-id=\"9d51277\" data-element_type=\"widget\" data-e-type=\"widget\" data-widget_type=\"heading.default\">\n\t\t\t\t<div class=\"elementor-widget-container\">\n\t\t\t\t\t<h2 class=\"elementor-heading-title elementor-size-default\">Des \u00e9l\u00e8ves engag\u00e9s<\/h2>\t\t\t\t<\/div>\n\t\t\t\t<\/div>\n\t\t\t\t<div class=\"elementor-element elementor-element-3e59a79 elementor-widget elementor-widget-text-editor\" data-id=\"3e59a79\" data-element_type=\"widget\" data-e-type=\"widget\" data-widget_type=\"text-editor.default\">\n\t\t\t\t<div class=\"elementor-widget-container\">\n\t\t\t\t\t\t\t\t\t<p>Nos \u00e9quipes d\u2019animateurs \u00e0 la vie \u00e9tudiante, tant \u00e0 Rotiwennak\u00e9hte qu\u2019\u00e0 Ratih\u00e9n:te, travaillent sans rel\u00e2che pour organiser des \u00e9v\u00e9nements, des activit\u00e9s et des projets sp\u00e9ciaux qui enrichissent la vie \u00e9tudiante et renforcent le sens de la communaut\u00e9.<br><br><\/p><p>\nCette section vous permettra de rester inform\u00e9s de ce qui se passe dans nos \u00e9coles et de mettre en lumi\u00e8re les diff\u00e9rents \u00e9v\u00e9nements et initiatives qui ont eu lieu au cours de l\u2019ann\u00e9e.<\/p>\t\t\t\t\t\t\t\t<\/div>\n\t\t\t\t<\/div>\n\t\t\t\t<\/div>\n\t\t\t\t\t<\/div>\n\t\t\t\t<\/div>\n\t\t<div class=\"elementor-element elementor-element-74ecd8b e-flex e-con-boxed e-con e-parent\" data-id=\"74ecd8b\" data-element_type=\"container\" data-e-type=\"container\">\n\t\t\t\t\t<div class=\"e-con-inner\">\n\t\t\t\t<div class=\"elementor-element elementor-element-b5f948c elementor-widget elementor-widget-heading\" data-id=\"b5f948c\" data-element_type=\"widget\" data-e-type=\"widget\" data-widget_type=\"heading.default\">\n\t\t\t\t<div class=\"elementor-widget-container\">\n\t\t\t\t\t<h2 class=\"elementor-heading-title elementor-size-default\">Rencontrez le comit\u00e9 de la vie \u00e9tudiante<\/h2>\t\t\t\t<\/div>\n\t\t\t\t<\/div>\n\t\t<div class=\"elementor-element elementor-element-325c95e e-grid e-con-full e-con e-child\" data-id=\"325c95e\" data-element_type=\"container\" data-e-type=\"container\">\n\t\t<div class=\"elementor-element elementor-element-bba6e27 e-con-full e-flex e-con e-child\" data-id=\"bba6e27\" data-element_type=\"container\" data-e-type=\"container\" data-settings=\"{&quot;background_background&quot;:&quot;classic&quot;}\">\n\t\t<div class=\"elementor-element elementor-element-7c0da5e e-con-full e-flex e-con e-child\" data-id=\"7c0da5e\" data-element_type=\"container\" data-e-type=\"container\" data-settings=\"{&quot;background_background&quot;:&quot;classic&quot;}\">\n\t\t\t\t<div class=\"elementor-element elementor-element-89ff6c9 elementor-widget elementor-widget-heading\" data-id=\"89ff6c9\" data-element_type=\"widget\" data-e-type=\"widget\" data-widget_type=\"heading.default\">\n\t\t\t\t<div class=\"elementor-widget-container\">\n\t\t\t\t\t<h2 class=\"elementor-heading-title elementor-size-default\">Kahsennine Nelson<\/h2>\t\t\t\t<\/div>\n\t\t\t\t<\/div>\n\t\t\t\t<div class=\"elementor-element elementor-element-57936b4 elementor-widget elementor-widget-text-editor\" data-id=\"57936b4\" data-element_type=\"widget\" data-e-type=\"widget\" data-widget_type=\"text-editor.default\">\n\t\t\t\t<div class=\"elementor-widget-container\">\n\t\t\t\t\t\t\t\t\t<p>Student Life Animator<\/p>\t\t\t\t\t\t\t\t<\/div>\n\t\t\t\t<\/div>\n\t\t\t\t<\/div>\n\t\t\t\t<\/div>\n\t\t<div class=\"elementor-element elementor-element-76346b5 e-con-full e-flex e-con e-child\" data-id=\"76346b5\" data-element_type=\"container\" data-e-type=\"container\" data-settings=\"{&quot;background_background&quot;:&quot;classic&quot;}\">\n\t\t<div class=\"elementor-element elementor-element-169bb06 e-con-full e-flex e-con e-child\" data-id=\"169bb06\" data-element_type=\"container\" data-e-type=\"container\" data-settings=\"{&quot;background_background&quot;:&quot;classic&quot;}\">\n\t\t\t\t<div class=\"elementor-element elementor-element-ccc4e55 elementor-widget elementor-widget-heading\" data-id=\"ccc4e55\" data-element_type=\"widget\" data-e-type=\"widget\" data-widget_type=\"heading.default\">\n\t\t\t\t<div class=\"elementor-widget-container\">\n\t\t\t\t\t<h2 class=\"elementor-heading-title elementor-size-default\">Amber Simon<\/h2>\t\t\t\t<\/div>\n\t\t\t\t<\/div>\n\t\t\t\t<div class=\"elementor-element elementor-element-9abc808 elementor-widget elementor-widget-text-editor\" data-id=\"9abc808\" data-element_type=\"widget\" data-e-type=\"widget\" data-widget_type=\"text-editor.default\">\n\t\t\t\t<div class=\"elementor-widget-container\">\n\t\t\t\t\t\t\t\t\t<p>Physical Education Teacher<\/p>\t\t\t\t\t\t\t\t<\/div>\n\t\t\t\t<\/div>\n\t\t\t\t<\/div>\n\t\t\t\t<\/div>\n\t\t\t\t<\/div>\n\t\t\t\t\t<\/div>\n\t\t\t\t<\/div>\n\t\t\t\t<\/div>\n\t\t","protected":false},"excerpt":{"rendered":"<p>Comit\u00e9 de la vie \u00e9tudiante Des \u00e9l\u00e8ves engag\u00e9s Nos \u00e9quipes d\u2019animateurs \u00e0 la vie \u00e9tudiante, tant \u00e0 Rotiwennak\u00e9hte qu\u2019\u00e0 Ratih\u00e9n:te, travaillent sans rel\u00e2che pour organiser des \u00e9v\u00e9nements, des activit\u00e9s et des projets sp\u00e9ciaux qui enrichissent la vie \u00e9tudiante et renforcent le sens de la communaut\u00e9. Cette section vous permettra de rester inform\u00e9s de ce qui [&hellip;]<\/p>\n","protected":false},"author":1,"featured_media":0,"parent":0,"menu_order":0,"comment_status":"closed","ping_status":"closed","template":"","meta":{"_acf_changed":false,"footnotes":""},"class_list":["post-1991","page","type-page","status-publish","hentry"],"acf":[],"yoast_head":"<!-- This site is optimized with the Yoast SEO plugin v27.5 - https:\/\/yoast.com\/product\/yoast-seo-wordpress\/ -->\n<title>Comit\u00e9 de la vie \u00e9tudiante - Kanehsat\u00e0:ke Education Center<\/title>\n<meta name=\"robots\" content=\"index, follow, max-snippet:-1, max-image-preview:large, max-video-preview:-1\" \/>\n<link rel=\"canonical\" href=\"https:\/\/kanedu.ca\/fr\/comite-de-la-vie-etudiante\/\" \/>\n<meta property=\"og:locale\" content=\"fr_FR\" \/>\n<meta property=\"og:type\" content=\"article\" \/>\n<meta property=\"og:title\" content=\"Comit\u00e9 de la vie \u00e9tudiante - Kanehsat\u00e0:ke Education Center\" \/>\n<meta property=\"og:description\" content=\"Comit\u00e9 de la vie \u00e9tudiante Des \u00e9l\u00e8ves engag\u00e9s Nos \u00e9quipes d\u2019animateurs \u00e0 la vie \u00e9tudiante, tant \u00e0 Rotiwennak\u00e9hte qu\u2019\u00e0 Ratih\u00e9n:te, travaillent sans rel\u00e2che pour organiser des \u00e9v\u00e9nements, des activit\u00e9s et des projets sp\u00e9ciaux qui enrichissent la vie \u00e9tudiante et renforcent le sens de la communaut\u00e9. Cette section vous permettra de rester inform\u00e9s de ce qui [&hellip;]\" \/>\n<meta property=\"og:url\" content=\"https:\/\/kanedu.ca\/fr\/comite-de-la-vie-etudiante\/\" \/>\n<meta property=\"og:site_name\" content=\"Kanehsat\u00e0:ke Education Center\" \/>\n<meta property=\"article:publisher\" content=\"https:\/\/www.facebook.com\/profile.php?id=61558653038752\" \/>\n<meta property=\"article:modified_time\" content=\"2025-12-10T19:25:47+00:00\" \/>\n<meta name=\"twitter:card\" content=\"summary_large_image\" \/>\n<meta name=\"twitter:label1\" content=\"Dur\u00e9e de lecture estim\u00e9e\" \/>\n\t<meta name=\"twitter:data1\" content=\"1 minute\" \/>\n<script type=\"application\/ld+json\" class=\"yoast-schema-graph\">{\"@context\":\"https:\\\/\\\/schema.org\",\"@graph\":[{\"@type\":\"WebPage\",\"@id\":\"https:\\\/\\\/kanedu.ca\\\/fr\\\/comite-de-la-vie-etudiante\\\/\",\"url\":\"https:\\\/\\\/kanedu.ca\\\/fr\\\/comite-de-la-vie-etudiante\\\/\",\"name\":\"Comit\u00e9 de la vie \u00e9tudiante - Kanehsat\u00e0:ke Education Center\",\"isPartOf\":{\"@id\":\"https:\\\/\\\/kanedu.ca\\\/fr\\\/#website\"},\"datePublished\":\"2024-11-08T14:25:35+00:00\",\"dateModified\":\"2025-12-10T19:25:47+00:00\",\"breadcrumb\":{\"@id\":\"https:\\\/\\\/kanedu.ca\\\/fr\\\/comite-de-la-vie-etudiante\\\/#breadcrumb\"},\"inLanguage\":\"fr-FR\",\"potentialAction\":[{\"@type\":\"ReadAction\",\"target\":[\"https:\\\/\\\/kanedu.ca\\\/fr\\\/comite-de-la-vie-etudiante\\\/\"]}]},{\"@type\":\"BreadcrumbList\",\"@id\":\"https:\\\/\\\/kanedu.ca\\\/fr\\\/comite-de-la-vie-etudiante\\\/#breadcrumb\",\"itemListElement\":[{\"@type\":\"ListItem\",\"position\":1,\"name\":\"Kanehsat\u00e0:ke Education Center\",\"item\":\"https:\\\/\\\/kanedu.ca\\\/fr\\\/\"},{\"@type\":\"ListItem\",\"position\":2,\"name\":\"Comit\u00e9 de la vie \u00e9tudiante\"}]},{\"@type\":\"WebSite\",\"@id\":\"https:\\\/\\\/kanedu.ca\\\/fr\\\/#website\",\"url\":\"https:\\\/\\\/kanedu.ca\\\/fr\\\/\",\"name\":\"Kanehsat\u00e0:ke Education Center\",\"description\":\"\",\"publisher\":{\"@id\":\"https:\\\/\\\/kanedu.ca\\\/fr\\\/#organization\"},\"potentialAction\":[{\"@type\":\"SearchAction\",\"target\":{\"@type\":\"EntryPoint\",\"urlTemplate\":\"https:\\\/\\\/kanedu.ca\\\/fr\\\/?s={search_term_string}\"},\"query-input\":{\"@type\":\"PropertyValueSpecification\",\"valueRequired\":true,\"valueName\":\"search_term_string\"}}],\"inLanguage\":\"fr-FR\"},{\"@type\":\"Organization\",\"@id\":\"https:\\\/\\\/kanedu.ca\\\/fr\\\/#organization\",\"name\":\"Kanehsat\u00e0:ke Education Center\",\"url\":\"https:\\\/\\\/kanedu.ca\\\/fr\\\/\",\"logo\":{\"@type\":\"ImageObject\",\"inLanguage\":\"fr-FR\",\"@id\":\"https:\\\/\\\/kanedu.ca\\\/fr\\\/#\\\/schema\\\/logo\\\/image\\\/\",\"url\":\"https:\\\/\\\/kanedu.ca\\\/wp-content\\\/uploads\\\/2024\\\/11\\\/kec-logo.png\",\"contentUrl\":\"https:\\\/\\\/kanedu.ca\\\/wp-content\\\/uploads\\\/2024\\\/11\\\/kec-logo.png\",\"width\":367,\"height\":366,\"caption\":\"Kanehsat\u00e0:ke Education Center\"},\"image\":{\"@id\":\"https:\\\/\\\/kanedu.ca\\\/fr\\\/#\\\/schema\\\/logo\\\/image\\\/\"},\"sameAs\":[\"https:\\\/\\\/www.facebook.com\\\/profile.php?id=61558653038752\"]}]}<\/script>\n<!-- \/ Yoast SEO plugin. -->","yoast_head_json":{"title":"Comit\u00e9 de la vie \u00e9tudiante - Kanehsat\u00e0:ke Education Center","robots":{"index":"index","follow":"follow","max-snippet":"max-snippet:-1","max-image-preview":"max-image-preview:large","max-video-preview":"max-video-preview:-1"},"canonical":"https:\/\/kanedu.ca\/fr\/comite-de-la-vie-etudiante\/","og_locale":"fr_FR","og_type":"article","og_title":"Comit\u00e9 de la vie \u00e9tudiante - Kanehsat\u00e0:ke Education Center","og_description":"Comit\u00e9 de la vie \u00e9tudiante Des \u00e9l\u00e8ves engag\u00e9s Nos \u00e9quipes d\u2019animateurs \u00e0 la vie \u00e9tudiante, tant \u00e0 Rotiwennak\u00e9hte qu\u2019\u00e0 Ratih\u00e9n:te, travaillent sans rel\u00e2che pour organiser des \u00e9v\u00e9nements, des activit\u00e9s et des projets sp\u00e9ciaux qui enrichissent la vie \u00e9tudiante et renforcent le sens de la communaut\u00e9. Cette section vous permettra de rester inform\u00e9s de ce qui [&hellip;]","og_url":"https:\/\/kanedu.ca\/fr\/comite-de-la-vie-etudiante\/","og_site_name":"Kanehsat\u00e0:ke Education Center","article_publisher":"https:\/\/www.facebook.com\/profile.php?id=61558653038752","article_modified_time":"2025-12-10T19:25:47+00:00","twitter_card":"summary_large_image","twitter_misc":{"Dur\u00e9e de lecture estim\u00e9e":"1 minute"},"schema":{"@context":"https:\/\/schema.org","@graph":[{"@type":"WebPage","@id":"https:\/\/kanedu.ca\/fr\/comite-de-la-vie-etudiante\/","url":"https:\/\/kanedu.ca\/fr\/comite-de-la-vie-etudiante\/","name":"Comit\u00e9 de la vie \u00e9tudiante - Kanehsat\u00e0:ke Education Center","isPartOf":{"@id":"https:\/\/kanedu.ca\/fr\/#website"},"datePublished":"2024-11-08T14:25:35+00:00","dateModified":"2025-12-10T19:25:47+00:00","breadcrumb":{"@id":"https:\/\/kanedu.ca\/fr\/comite-de-la-vie-etudiante\/#breadcrumb"},"inLanguage":"fr-FR","potentialAction":[{"@type":"ReadAction","target":["https:\/\/kanedu.ca\/fr\/comite-de-la-vie-etudiante\/"]}]},{"@type":"BreadcrumbList","@id":"https:\/\/kanedu.ca\/fr\/comite-de-la-vie-etudiante\/#breadcrumb","itemListElement":[{"@type":"ListItem","position":1,"name":"Kanehsat\u00e0:ke Education Center","item":"https:\/\/kanedu.ca\/fr\/"},{"@type":"ListItem","position":2,"name":"Comit\u00e9 de la vie \u00e9tudiante"}]},{"@type":"WebSite","@id":"https:\/\/kanedu.ca\/fr\/#website","url":"https:\/\/kanedu.ca\/fr\/","name":"Kanehsat\u00e0:ke Education Center","description":"","publisher":{"@id":"https:\/\/kanedu.ca\/fr\/#organization"},"potentialAction":[{"@type":"SearchAction","target":{"@type":"EntryPoint","urlTemplate":"https:\/\/kanedu.ca\/fr\/?s={search_term_string}"},"query-input":{"@type":"PropertyValueSpecification","valueRequired":true,"valueName":"search_term_string"}}],"inLanguage":"fr-FR"},{"@type":"Organization","@id":"https:\/\/kanedu.ca\/fr\/#organization","name":"Kanehsat\u00e0:ke Education Center","url":"https:\/\/kanedu.ca\/fr\/","logo":{"@type":"ImageObject","inLanguage":"fr-FR","@id":"https:\/\/kanedu.ca\/fr\/#\/schema\/logo\/image\/","url":"https:\/\/kanedu.ca\/wp-content\/uploads\/2024\/11\/kec-logo.png","contentUrl":"https:\/\/kanedu.ca\/wp-content\/uploads\/2024\/11\/kec-logo.png","width":367,"height":366,"caption":"Kanehsat\u00e0:ke Education Center"},"image":{"@id":"https:\/\/kanedu.ca\/fr\/#\/schema\/logo\/image\/"},"sameAs":["https:\/\/www.facebook.com\/profile.php?id=61558653038752"]}]}},"_links":{"self":[{"href":"https:\/\/kanedu.ca\/fr\/wp-json\/wp\/v2\/pages\/1991","targetHints":{"allow":["GET"]}}],"collection":[{"href":"https:\/\/kanedu.ca\/fr\/wp-json\/wp\/v2\/pages"}],"about":[{"href":"https:\/\/kanedu.ca\/fr\/wp-json\/wp\/v2\/types\/page"}],"author":[{"embeddable":true,"href":"https:\/\/kanedu.ca\/fr\/wp-json\/wp\/v2\/users\/1"}],"replies":[{"embeddable":true,"href":"https:\/\/kanedu.ca\/fr\/wp-json\/wp\/v2\/comments?post=1991"}],"version-history":[{"count":20,"href":"https:\/\/kanedu.ca\/fr\/wp-json\/wp\/v2\/pages\/1991\/revisions"}],"predecessor-version":[{"id":3191,"href":"https:\/\/kanedu.ca\/fr\/wp-json\/wp\/v2\/pages\/1991\/revisions\/3191"}],"wp:attachment":[{"href":"https:\/\/kanedu.ca\/fr\/wp-json\/wp\/v2\/media?parent=1991"}],"curies":[{"name":"wp","href":"https:\/\/api.w.org\/{rel}","templated":true}]}}