{"id":1974,"date":"2024-12-11T15:37:32","date_gmt":"2024-12-11T20:37:32","guid":{"rendered":"https:\/\/kanedu.ca\/calendrier-scolaire\/"},"modified":"2025-12-09T14:41:07","modified_gmt":"2025-12-09T19:41:07","slug":"calendrier-scolaire","status":"publish","type":"page","link":"https:\/\/kanedu.ca\/fr\/calendrier-scolaire\/","title":{"rendered":"Calendrier scolaire"},"content":{"rendered":"\t\t<div data-elementor-type=\"wp-page\" data-elementor-id=\"1974\" class=\"elementor elementor-1974 elementor-268\" data-elementor-post-type=\"page\">\n\t\t\t\t<div class=\"elementor-element elementor-element-4b64e22c e-flex e-con-boxed e-con e-parent\" data-id=\"4b64e22c\" data-element_type=\"container\" data-e-type=\"container\" data-settings=\"{&quot;background_background&quot;:&quot;classic&quot;}\">\n\t\t\t\t\t<div class=\"e-con-inner\">\n\t\t<div class=\"elementor-element elementor-element-aa39181 e-con-full e-flex e-con e-child\" data-id=\"aa39181\" data-element_type=\"container\" data-e-type=\"container\">\n\t\t\t\t<\/div>\n\t\t\t\t<div class=\"elementor-element elementor-element-3fc6b83e elementor-widget elementor-widget-heading\" data-id=\"3fc6b83e\" data-element_type=\"widget\" data-e-type=\"widget\" data-widget_type=\"heading.default\">\n\t\t\t\t<div class=\"elementor-widget-container\">\n\t\t\t\t\t<h1 class=\"elementor-heading-title elementor-size-default\">Calendrier scolaire<\/h1>\t\t\t\t<\/div>\n\t\t\t\t<\/div>\n\t\t\t\t\t<\/div>\n\t\t\t\t<\/div>\n\t\t<div class=\"elementor-element elementor-element-40e61e89 e-flex e-con-boxed e-con e-parent\" data-id=\"40e61e89\" data-element_type=\"container\" data-e-type=\"container\">\n\t\t\t\t\t<div class=\"e-con-inner\">\n\t\t\t\t<div class=\"elementor-element elementor-element-3cbc683e elementor-widget elementor-widget-breadcrumbs\" data-id=\"3cbc683e\" data-element_type=\"widget\" data-e-type=\"widget\" data-widget_type=\"breadcrumbs.default\">\n\t\t\t\t<div class=\"elementor-widget-container\">\n\t\t\t\t\t<p id=\"breadcrumbs\"><span><span><a href=\"https:\/\/kanedu.ca\/fr\/\">Kanehsat\u00e0:ke Education Center<\/a><\/span><\/span><\/p>\t\t\t\t<\/div>\n\t\t\t\t<\/div>\n\t\t\t\t\t<\/div>\n\t\t\t\t<\/div>\n\t\t<div class=\"elementor-element elementor-element-64ddebb1 e-flex e-con-boxed e-con e-parent\" data-id=\"64ddebb1\" data-element_type=\"container\" data-e-type=\"container\">\n\t\t\t\t\t<div class=\"e-con-inner\">\n\t\t<div class=\"elementor-element elementor-element-8d7dd92 e-con-full e-flex e-con e-child\" data-id=\"8d7dd92\" data-element_type=\"container\" data-e-type=\"container\">\n\t\t<div class=\"elementor-element elementor-element-4226a53 e-con-full e-flex e-con e-child\" data-id=\"4226a53\" data-element_type=\"container\" data-e-type=\"container\">\n\t\t\t\t<div class=\"elementor-element elementor-element-12fd2c83 elementor-widget elementor-widget-heading\" data-id=\"12fd2c83\" data-element_type=\"widget\" data-e-type=\"widget\" data-widget_type=\"heading.default\">\n\t\t\t\t<div class=\"elementor-widget-container\">\n\t\t\t\t\t<h3 class=\"elementor-heading-title elementor-size-default\">restez inform\u00e9s<\/h3>\t\t\t\t<\/div>\n\t\t\t\t<\/div>\n\t\t\t\t<div class=\"elementor-element elementor-element-1fb9a96d elementor-widget elementor-widget-heading\" data-id=\"1fb9a96d\" data-element_type=\"widget\" data-e-type=\"widget\" data-widget_type=\"heading.default\">\n\t\t\t\t<div class=\"elementor-widget-container\">\n\t\t\t\t\t<h2 class=\"elementor-heading-title elementor-size-default\">Tous les \u00c9v\u00e9nements \u00e0 venir<\/h2>\t\t\t\t<\/div>\n\t\t\t\t<\/div>\n\t\t\t\t<div class=\"elementor-element elementor-element-164f34be elementor-widget elementor-widget-text-editor\" data-id=\"164f34be\" data-element_type=\"widget\" data-e-type=\"widget\" data-widget_type=\"text-editor.default\">\n\t\t\t\t<div class=\"elementor-widget-container\">\n\t\t\t\t\t\t\t\t\t<p>Le calendrier scolaire est soigneusement \u00e9labor\u00e9 en collaboration entre la directrice de l\u2019\u00e9ducation et les directions de chaque \u00e9cole. Notre objectif est d\u2019assurer 180 jours complets d\u2019enseignement, tout en mettant en valeur les dates importantes de l\u2019ann\u00e9e, telles que les rencontres parents-enseignants, les jours f\u00e9ri\u00e9s et les journ\u00e9es de d\u00e9veloppement professionnel.<br><br><\/p><p>\nCette planification attentive contribue \u00e0 favoriser la constance, la communication et une ann\u00e9e scolaire r\u00e9ussie pour tous.<\/p>\t\t\t\t\t\t\t\t<\/div>\n\t\t\t\t<\/div>\n\t\t\t\t<div class=\"elementor-element elementor-element-24dd87e0 elementor-widget elementor-widget-button\" data-id=\"24dd87e0\" data-element_type=\"widget\" data-e-type=\"widget\" data-widget_type=\"button.default\">\n\t\t\t\t<div class=\"elementor-widget-container\">\n\t\t\t\t\t\t\t\t\t<div class=\"elementor-button-wrapper\">\n\t\t\t\t\t<a class=\"elementor-button elementor-button-link elementor-size-sm\" href=\"https:\/\/kanedu.ca\/fr\/infolettre-mensuelle\/\">\n\t\t\t\t\t\t<span class=\"elementor-button-content-wrapper\">\n\t\t\t\t\t\t\t\t\t<span class=\"elementor-button-text\">Infolettre mensuelle<\/span>\n\t\t\t\t\t<\/span>\n\t\t\t\t\t<\/a>\n\t\t\t\t<\/div>\n\t\t\t\t\t\t\t\t<\/div>\n\t\t\t\t<\/div>\n\t\t\t\t<\/div>\n\t\t\t\t<\/div>\n\t\t\t\t\t<\/div>\n\t\t\t\t<\/div>\n\t\t<div class=\"elementor-element elementor-element-d0f1b8e e-flex e-con-boxed e-con e-parent\" data-id=\"d0f1b8e\" data-element_type=\"container\" data-e-type=\"container\">\n\t\t\t\t\t<div class=\"e-con-inner\">\n\t\t\t\t<div class=\"elementor-element elementor-element-a63bf01 elementor-widget-divider--view-line elementor-widget elementor-widget-divider\" data-id=\"a63bf01\" data-element_type=\"widget\" data-e-type=\"widget\" data-widget_type=\"divider.default\">\n\t\t\t\t<div class=\"elementor-widget-container\">\n\t\t\t\t\t\t\t<div class=\"elementor-divider\">\n\t\t\t<span class=\"elementor-divider-separator\">\n\t\t\t\t\t\t<\/span>\n\t\t<\/div>\n\t\t\t\t\t\t<\/div>\n\t\t\t\t<\/div>\n\t\t\t\t<div class=\"elementor-element elementor-element-41ecc4f elementor-widget elementor-widget-image\" data-id=\"41ecc4f\" data-element_type=\"widget\" data-e-type=\"widget\" data-widget_type=\"image.default\">\n\t\t\t\t<div class=\"elementor-widget-container\">\n\t\t\t\t\t\t\t\t\t\t\t\t\t\t\t<img fetchpriority=\"high\" decoding=\"async\" width=\"622\" height=\"1024\" src=\"https:\/\/kanedu.ca\/wp-content\/uploads\/2025\/08\/KEC-Calendar-Final-2025-2026.docx-1-622x1024.png\" class=\"attachment-large size-large wp-image-2167\" alt=\"\" srcset=\"https:\/\/kanedu.ca\/wp-content\/uploads\/2025\/08\/KEC-Calendar-Final-2025-2026.docx-1-622x1024.png 622w, https:\/\/kanedu.ca\/wp-content\/uploads\/2025\/08\/KEC-Calendar-Final-2025-2026.docx-1-364x600.png 364w, https:\/\/kanedu.ca\/wp-content\/uploads\/2025\/08\/KEC-Calendar-Final-2025-2026.docx-1-768x1265.png 768w, https:\/\/kanedu.ca\/wp-content\/uploads\/2025\/08\/KEC-Calendar-Final-2025-2026.docx-1-933x1536.png 933w, https:\/\/kanedu.ca\/wp-content\/uploads\/2025\/08\/KEC-Calendar-Final-2025-2026.docx-1-1243x2048.png 1243w, https:\/\/kanedu.ca\/wp-content\/uploads\/2025\/08\/KEC-Calendar-Final-2025-2026.docx-1-729x1200.png 729w, https:\/\/kanedu.ca\/wp-content\/uploads\/2025\/08\/KEC-Calendar-Final-2025-2026.docx-1.png 1700w\" sizes=\"(max-width: 622px) 100vw, 622px\" \/>\t\t\t\t\t\t\t\t\t\t\t\t\t\t\t<\/div>\n\t\t\t\t<\/div>\n\t\t\t\t\t<\/div>\n\t\t\t\t<\/div>\n\t\t<div class=\"elementor-element elementor-element-6a62218 e-flex e-con-boxed e-con e-parent\" data-id=\"6a62218\" data-element_type=\"container\" data-e-type=\"container\">\n\t\t\t\t\t<div class=\"e-con-inner\">\n\t\t\t\t<div class=\"elementor-element elementor-element-8c258dc elementor-grid-1 elementor-grid-tablet-1 elementor-grid-mobile-1 elementor-widget elementor-widget-loop-grid\" data-id=\"8c258dc\" data-element_type=\"widget\" data-e-type=\"widget\" data-settings=\"{&quot;template_id&quot;:2061,&quot;columns&quot;:1,&quot;row_gap&quot;:{&quot;unit&quot;:&quot;px&quot;,&quot;size&quot;:150,&quot;sizes&quot;:[]},&quot;pagination_type&quot;:&quot;prev_next&quot;,&quot;columns_tablet&quot;:1,&quot;_skin&quot;:&quot;post&quot;,&quot;columns_mobile&quot;:&quot;1&quot;,&quot;edit_handle_selector&quot;:&quot;[data-elementor-type=\\&quot;loop-item\\&quot;]&quot;,&quot;pagination_load_type&quot;:&quot;page_reload&quot;,&quot;row_gap_tablet_extra&quot;:{&quot;unit&quot;:&quot;px&quot;,&quot;size&quot;:&quot;&quot;,&quot;sizes&quot;:[]},&quot;row_gap_tablet&quot;:{&quot;unit&quot;:&quot;px&quot;,&quot;size&quot;:&quot;&quot;,&quot;sizes&quot;:[]},&quot;row_gap_mobile&quot;:{&quot;unit&quot;:&quot;px&quot;,&quot;size&quot;:&quot;&quot;,&quot;sizes&quot;:[]}}\" data-widget_type=\"loop-grid.post\">\n\t\t\t\t<div class=\"elementor-widget-container\">\n\t\t\t\t\t\t\t<div class=\"e-loop-nothing-found-message\">\n\t\t<\/div>\n\t\t\t\t\t\t<\/div>\n\t\t\t\t<\/div>\n\t\t\t\t\t<\/div>\n\t\t\t\t<\/div>\n\t\t\t\t<\/div>\n\t\t","protected":false},"excerpt":{"rendered":"<p>Calendrier scolaire restez inform\u00e9s Tous les \u00c9v\u00e9nements \u00e0 venir Le calendrier scolaire est soigneusement \u00e9labor\u00e9 en collaboration entre la directrice de l\u2019\u00e9ducation et les directions de chaque \u00e9cole. Notre objectif est d\u2019assurer 180 jours complets d\u2019enseignement, tout en mettant en valeur les dates importantes de l\u2019ann\u00e9e, telles que les rencontres parents-enseignants, les jours f\u00e9ri\u00e9s et [&hellip;]<\/p>\n","protected":false},"author":1,"featured_media":0,"parent":0,"menu_order":0,"comment_status":"closed","ping_status":"closed","template":"","meta":{"_acf_changed":false,"footnotes":""},"class_list":["post-1974","page","type-page","status-publish","hentry"],"acf":[],"yoast_head":"<!-- This site is optimized with the Yoast SEO plugin v27.5 - https:\/\/yoast.com\/product\/yoast-seo-wordpress\/ -->\n<title>Calendrier scolaire - Kanehsat\u00e0:ke Education Center<\/title>\n<meta name=\"robots\" content=\"index, follow, max-snippet:-1, max-image-preview:large, max-video-preview:-1\" \/>\n<link rel=\"canonical\" href=\"https:\/\/kanedu.ca\/fr\/calendrier-scolaire\/\" \/>\n<meta property=\"og:locale\" content=\"fr_FR\" \/>\n<meta property=\"og:type\" content=\"article\" \/>\n<meta property=\"og:title\" content=\"Calendrier scolaire - Kanehsat\u00e0:ke Education Center\" \/>\n<meta property=\"og:description\" content=\"Calendrier scolaire restez inform\u00e9s Tous les \u00c9v\u00e9nements \u00e0 venir Le calendrier scolaire est soigneusement \u00e9labor\u00e9 en collaboration entre la directrice de l\u2019\u00e9ducation et les directions de chaque \u00e9cole. Notre objectif est d\u2019assurer 180 jours complets d\u2019enseignement, tout en mettant en valeur les dates importantes de l\u2019ann\u00e9e, telles que les rencontres parents-enseignants, les jours f\u00e9ri\u00e9s et [&hellip;]\" \/>\n<meta property=\"og:url\" content=\"https:\/\/kanedu.ca\/fr\/calendrier-scolaire\/\" \/>\n<meta property=\"og:site_name\" content=\"Kanehsat\u00e0:ke Education Center\" \/>\n<meta property=\"article:publisher\" content=\"https:\/\/www.facebook.com\/profile.php?id=61558653038752\" \/>\n<meta property=\"article:modified_time\" content=\"2025-12-09T19:41:07+00:00\" \/>\n<meta property=\"og:image\" content=\"https:\/\/kanedu.ca\/wp-content\/uploads\/2025\/08\/KEC-Calendar-Final-2025-2026.docx-1.png\" \/>\n\t<meta property=\"og:image:width\" content=\"1700\" \/>\n\t<meta property=\"og:image:height\" content=\"2800\" \/>\n\t<meta property=\"og:image:type\" content=\"image\/png\" \/>\n<meta name=\"twitter:card\" content=\"summary_large_image\" \/>\n<meta name=\"twitter:label1\" content=\"Dur\u00e9e de lecture estim\u00e9e\" \/>\n\t<meta name=\"twitter:data1\" content=\"1 minute\" \/>\n<script type=\"application\/ld+json\" class=\"yoast-schema-graph\">{\"@context\":\"https:\\\/\\\/schema.org\",\"@graph\":[{\"@type\":\"WebPage\",\"@id\":\"https:\\\/\\\/kanedu.ca\\\/fr\\\/calendrier-scolaire\\\/\",\"url\":\"https:\\\/\\\/kanedu.ca\\\/fr\\\/calendrier-scolaire\\\/\",\"name\":\"Calendrier scolaire - Kanehsat\u00e0:ke Education Center\",\"isPartOf\":{\"@id\":\"https:\\\/\\\/kanedu.ca\\\/fr\\\/#website\"},\"primaryImageOfPage\":{\"@id\":\"https:\\\/\\\/kanedu.ca\\\/fr\\\/calendrier-scolaire\\\/#primaryimage\"},\"image\":{\"@id\":\"https:\\\/\\\/kanedu.ca\\\/fr\\\/calendrier-scolaire\\\/#primaryimage\"},\"thumbnailUrl\":\"https:\\\/\\\/kanedu.ca\\\/wp-content\\\/uploads\\\/2025\\\/08\\\/KEC-Calendar-Final-2025-2026.docx-1-622x1024.png\",\"datePublished\":\"2024-12-11T20:37:32+00:00\",\"dateModified\":\"2025-12-09T19:41:07+00:00\",\"breadcrumb\":{\"@id\":\"https:\\\/\\\/kanedu.ca\\\/fr\\\/calendrier-scolaire\\\/#breadcrumb\"},\"inLanguage\":\"fr-FR\",\"potentialAction\":[{\"@type\":\"ReadAction\",\"target\":[\"https:\\\/\\\/kanedu.ca\\\/fr\\\/calendrier-scolaire\\\/\"]}]},{\"@type\":\"ImageObject\",\"inLanguage\":\"fr-FR\",\"@id\":\"https:\\\/\\\/kanedu.ca\\\/fr\\\/calendrier-scolaire\\\/#primaryimage\",\"url\":\"https:\\\/\\\/kanedu.ca\\\/wp-content\\\/uploads\\\/2025\\\/08\\\/KEC-Calendar-Final-2025-2026.docx-1-622x1024.png\",\"contentUrl\":\"https:\\\/\\\/kanedu.ca\\\/wp-content\\\/uploads\\\/2025\\\/08\\\/KEC-Calendar-Final-2025-2026.docx-1-622x1024.png\"},{\"@type\":\"BreadcrumbList\",\"@id\":\"https:\\\/\\\/kanedu.ca\\\/fr\\\/calendrier-scolaire\\\/#breadcrumb\",\"itemListElement\":[{\"@type\":\"ListItem\",\"position\":1,\"name\":\"Kanehsat\u00e0:ke Education Center\",\"item\":\"https:\\\/\\\/kanedu.ca\\\/fr\\\/\"},{\"@type\":\"ListItem\",\"position\":2,\"name\":\"Calendrier scolaire\"}]},{\"@type\":\"WebSite\",\"@id\":\"https:\\\/\\\/kanedu.ca\\\/fr\\\/#website\",\"url\":\"https:\\\/\\\/kanedu.ca\\\/fr\\\/\",\"name\":\"Kanehsat\u00e0:ke Education Center\",\"description\":\"\",\"publisher\":{\"@id\":\"https:\\\/\\\/kanedu.ca\\\/fr\\\/#organization\"},\"potentialAction\":[{\"@type\":\"SearchAction\",\"target\":{\"@type\":\"EntryPoint\",\"urlTemplate\":\"https:\\\/\\\/kanedu.ca\\\/fr\\\/?s={search_term_string}\"},\"query-input\":{\"@type\":\"PropertyValueSpecification\",\"valueRequired\":true,\"valueName\":\"search_term_string\"}}],\"inLanguage\":\"fr-FR\"},{\"@type\":\"Organization\",\"@id\":\"https:\\\/\\\/kanedu.ca\\\/fr\\\/#organization\",\"name\":\"Kanehsat\u00e0:ke Education Center\",\"url\":\"https:\\\/\\\/kanedu.ca\\\/fr\\\/\",\"logo\":{\"@type\":\"ImageObject\",\"inLanguage\":\"fr-FR\",\"@id\":\"https:\\\/\\\/kanedu.ca\\\/fr\\\/#\\\/schema\\\/logo\\\/image\\\/\",\"url\":\"https:\\\/\\\/kanedu.ca\\\/wp-content\\\/uploads\\\/2024\\\/11\\\/kec-logo.png\",\"contentUrl\":\"https:\\\/\\\/kanedu.ca\\\/wp-content\\\/uploads\\\/2024\\\/11\\\/kec-logo.png\",\"width\":367,\"height\":366,\"caption\":\"Kanehsat\u00e0:ke Education Center\"},\"image\":{\"@id\":\"https:\\\/\\\/kanedu.ca\\\/fr\\\/#\\\/schema\\\/logo\\\/image\\\/\"},\"sameAs\":[\"https:\\\/\\\/www.facebook.com\\\/profile.php?id=61558653038752\"]}]}<\/script>\n<!-- \/ Yoast SEO plugin. -->","yoast_head_json":{"title":"Calendrier scolaire - Kanehsat\u00e0:ke Education Center","robots":{"index":"index","follow":"follow","max-snippet":"max-snippet:-1","max-image-preview":"max-image-preview:large","max-video-preview":"max-video-preview:-1"},"canonical":"https:\/\/kanedu.ca\/fr\/calendrier-scolaire\/","og_locale":"fr_FR","og_type":"article","og_title":"Calendrier scolaire - Kanehsat\u00e0:ke Education Center","og_description":"Calendrier scolaire restez inform\u00e9s Tous les \u00c9v\u00e9nements \u00e0 venir Le calendrier scolaire est soigneusement \u00e9labor\u00e9 en collaboration entre la directrice de l\u2019\u00e9ducation et les directions de chaque \u00e9cole. Notre objectif est d\u2019assurer 180 jours complets d\u2019enseignement, tout en mettant en valeur les dates importantes de l\u2019ann\u00e9e, telles que les rencontres parents-enseignants, les jours f\u00e9ri\u00e9s et [&hellip;]","og_url":"https:\/\/kanedu.ca\/fr\/calendrier-scolaire\/","og_site_name":"Kanehsat\u00e0:ke Education Center","article_publisher":"https:\/\/www.facebook.com\/profile.php?id=61558653038752","article_modified_time":"2025-12-09T19:41:07+00:00","og_image":[{"width":1700,"height":2800,"url":"https:\/\/kanedu.ca\/wp-content\/uploads\/2025\/08\/KEC-Calendar-Final-2025-2026.docx-1.png","type":"image\/png"}],"twitter_card":"summary_large_image","twitter_misc":{"Dur\u00e9e de lecture estim\u00e9e":"1 minute"},"schema":{"@context":"https:\/\/schema.org","@graph":[{"@type":"WebPage","@id":"https:\/\/kanedu.ca\/fr\/calendrier-scolaire\/","url":"https:\/\/kanedu.ca\/fr\/calendrier-scolaire\/","name":"Calendrier scolaire - Kanehsat\u00e0:ke Education Center","isPartOf":{"@id":"https:\/\/kanedu.ca\/fr\/#website"},"primaryImageOfPage":{"@id":"https:\/\/kanedu.ca\/fr\/calendrier-scolaire\/#primaryimage"},"image":{"@id":"https:\/\/kanedu.ca\/fr\/calendrier-scolaire\/#primaryimage"},"thumbnailUrl":"https:\/\/kanedu.ca\/wp-content\/uploads\/2025\/08\/KEC-Calendar-Final-2025-2026.docx-1-622x1024.png","datePublished":"2024-12-11T20:37:32+00:00","dateModified":"2025-12-09T19:41:07+00:00","breadcrumb":{"@id":"https:\/\/kanedu.ca\/fr\/calendrier-scolaire\/#breadcrumb"},"inLanguage":"fr-FR","potentialAction":[{"@type":"ReadAction","target":["https:\/\/kanedu.ca\/fr\/calendrier-scolaire\/"]}]},{"@type":"ImageObject","inLanguage":"fr-FR","@id":"https:\/\/kanedu.ca\/fr\/calendrier-scolaire\/#primaryimage","url":"https:\/\/kanedu.ca\/wp-content\/uploads\/2025\/08\/KEC-Calendar-Final-2025-2026.docx-1-622x1024.png","contentUrl":"https:\/\/kanedu.ca\/wp-content\/uploads\/2025\/08\/KEC-Calendar-Final-2025-2026.docx-1-622x1024.png"},{"@type":"BreadcrumbList","@id":"https:\/\/kanedu.ca\/fr\/calendrier-scolaire\/#breadcrumb","itemListElement":[{"@type":"ListItem","position":1,"name":"Kanehsat\u00e0:ke Education Center","item":"https:\/\/kanedu.ca\/fr\/"},{"@type":"ListItem","position":2,"name":"Calendrier scolaire"}]},{"@type":"WebSite","@id":"https:\/\/kanedu.ca\/fr\/#website","url":"https:\/\/kanedu.ca\/fr\/","name":"Kanehsat\u00e0:ke Education Center","description":"","publisher":{"@id":"https:\/\/kanedu.ca\/fr\/#organization"},"potentialAction":[{"@type":"SearchAction","target":{"@type":"EntryPoint","urlTemplate":"https:\/\/kanedu.ca\/fr\/?s={search_term_string}"},"query-input":{"@type":"PropertyValueSpecification","valueRequired":true,"valueName":"search_term_string"}}],"inLanguage":"fr-FR"},{"@type":"Organization","@id":"https:\/\/kanedu.ca\/fr\/#organization","name":"Kanehsat\u00e0:ke Education Center","url":"https:\/\/kanedu.ca\/fr\/","logo":{"@type":"ImageObject","inLanguage":"fr-FR","@id":"https:\/\/kanedu.ca\/fr\/#\/schema\/logo\/image\/","url":"https:\/\/kanedu.ca\/wp-content\/uploads\/2024\/11\/kec-logo.png","contentUrl":"https:\/\/kanedu.ca\/wp-content\/uploads\/2024\/11\/kec-logo.png","width":367,"height":366,"caption":"Kanehsat\u00e0:ke Education Center"},"image":{"@id":"https:\/\/kanedu.ca\/fr\/#\/schema\/logo\/image\/"},"sameAs":["https:\/\/www.facebook.com\/profile.php?id=61558653038752"]}]}},"_links":{"self":[{"href":"https:\/\/kanedu.ca\/fr\/wp-json\/wp\/v2\/pages\/1974","targetHints":{"allow":["GET"]}}],"collection":[{"href":"https:\/\/kanedu.ca\/fr\/wp-json\/wp\/v2\/pages"}],"about":[{"href":"https:\/\/kanedu.ca\/fr\/wp-json\/wp\/v2\/types\/page"}],"author":[{"embeddable":true,"href":"https:\/\/kanedu.ca\/fr\/wp-json\/wp\/v2\/users\/1"}],"replies":[{"embeddable":true,"href":"https:\/\/kanedu.ca\/fr\/wp-json\/wp\/v2\/comments?post=1974"}],"version-history":[{"count":10,"href":"https:\/\/kanedu.ca\/fr\/wp-json\/wp\/v2\/pages\/1974\/revisions"}],"predecessor-version":[{"id":3041,"href":"https:\/\/kanedu.ca\/fr\/wp-json\/wp\/v2\/pages\/1974\/revisions\/3041"}],"wp:attachment":[{"href":"https:\/\/kanedu.ca\/fr\/wp-json\/wp\/v2\/media?parent=1974"}],"curies":[{"name":"wp","href":"https:\/\/api.w.org\/{rel}","templated":true}]}}