{"id":1972,"date":"2024-11-08T09:27:05","date_gmt":"2024-11-08T14:27:05","guid":{"rendered":"https:\/\/kanedu.ca\/ressources-aux-parents\/"},"modified":"2025-12-09T14:52:46","modified_gmt":"2025-12-09T19:52:46","slug":"ressources-aux-parents","status":"publish","type":"page","link":"https:\/\/kanedu.ca\/fr\/ressources-aux-parents\/","title":{"rendered":"Ressources aux parents"},"content":{"rendered":"\t\t<div data-elementor-type=\"wp-page\" data-elementor-id=\"1972\" class=\"elementor elementor-1972 elementor-49\" data-elementor-post-type=\"page\">\n\t\t\t\t<div class=\"elementor-element elementor-element-50246cb9 e-flex e-con-boxed e-con e-parent\" data-id=\"50246cb9\" data-element_type=\"container\" data-e-type=\"container\" data-settings=\"{&quot;background_background&quot;:&quot;classic&quot;}\">\n\t\t\t\t\t<div class=\"e-con-inner\">\n\t\t<div class=\"elementor-element elementor-element-1986751b e-con-full e-flex e-con e-child\" data-id=\"1986751b\" data-element_type=\"container\" data-e-type=\"container\">\n\t\t\t\t<\/div>\n\t\t\t\t<div class=\"elementor-element elementor-element-191d73a8 elementor-widget elementor-widget-heading\" data-id=\"191d73a8\" data-element_type=\"widget\" data-e-type=\"widget\" data-widget_type=\"heading.default\">\n\t\t\t\t<div class=\"elementor-widget-container\">\n\t\t\t\t\t<h1 class=\"elementor-heading-title elementor-size-default\">Ressources aux parents<\/h1>\t\t\t\t<\/div>\n\t\t\t\t<\/div>\n\t\t\t\t\t<\/div>\n\t\t\t\t<\/div>\n\t\t<div class=\"elementor-element elementor-element-64735bb7 e-flex e-con-boxed e-con e-parent\" data-id=\"64735bb7\" data-element_type=\"container\" data-e-type=\"container\">\n\t\t\t\t\t<div class=\"e-con-inner\">\n\t\t\t\t<div class=\"elementor-element elementor-element-5c0cdb98 elementor-widget elementor-widget-breadcrumbs\" data-id=\"5c0cdb98\" data-element_type=\"widget\" data-e-type=\"widget\" data-widget_type=\"breadcrumbs.default\">\n\t\t\t\t<div class=\"elementor-widget-container\">\n\t\t\t\t\t<p id=\"breadcrumbs\"><span><span><a href=\"https:\/\/kanedu.ca\/fr\/\">Kanehsat\u00e0:ke Education Center<\/a><\/span><\/span><\/p>\t\t\t\t<\/div>\n\t\t\t\t<\/div>\n\t\t\t\t\t<\/div>\n\t\t\t\t<\/div>\n\t\t<div class=\"elementor-element elementor-element-c47a0c2 e-flex e-con-boxed e-con e-parent\" data-id=\"c47a0c2\" data-element_type=\"container\" data-e-type=\"container\">\n\t\t\t\t\t<div class=\"e-con-inner\">\n\t\t\t\t<div class=\"elementor-element elementor-element-e26af0d elementor-widget-divider--view-line elementor-widget elementor-widget-divider\" data-id=\"e26af0d\" data-element_type=\"widget\" data-e-type=\"widget\" data-widget_type=\"divider.default\">\n\t\t\t\t<div class=\"elementor-widget-container\">\n\t\t\t\t\t\t\t<div class=\"elementor-divider\">\n\t\t\t<span class=\"elementor-divider-separator\">\n\t\t\t\t\t\t<\/span>\n\t\t<\/div>\n\t\t\t\t\t\t<\/div>\n\t\t\t\t<\/div>\n\t\t<div class=\"elementor-element elementor-element-b17fd7d e-con-full e-flex e-con e-child\" data-id=\"b17fd7d\" data-element_type=\"container\" data-e-type=\"container\">\n\t\t\t\t<div class=\"elementor-element elementor-element-13c969c elementor-widget elementor-widget-heading\" data-id=\"13c969c\" data-element_type=\"widget\" data-e-type=\"widget\" data-widget_type=\"heading.default\">\n\t\t\t\t<div class=\"elementor-widget-container\">\n\t\t\t\t\t<h2 class=\"elementor-heading-title elementor-size-default\">Autres ressources<\/h2>\t\t\t\t<\/div>\n\t\t\t\t<\/div>\n\t\t\t\t<div class=\"elementor-element elementor-element-bfbd95b elementor-widget elementor-widget-text-editor\" data-id=\"bfbd95b\" data-element_type=\"widget\" data-e-type=\"widget\" data-widget_type=\"text-editor.default\">\n\t\t\t\t<div class=\"elementor-widget-container\">\n\t\t\t\t\t\t\t\t\t<p><em><strong>ALISON \u2013 Un site web d\u2019apprentissage gratuit en ligne, extr\u00eamement populaire pour la formation aux comp\u00e9tences en TIC.<\/strong><\/em>\u00a0Formation interactive gratuite, apprentissage des comp\u00e9tences pour l\u2019ECDL, l\u2019ICDL, le BCS Unit-E, le BCS e-Citizen, les TIC, Internet, la litt\u00e9ratie financi\u00e8re, les tests psychom\u00e9triques, destin\u00e9e au personnel, aux \u00e9tudiants et aux particuliers.\u00a0<a href=\"https:\/\/alison.com\/\" target=\"_blank\" rel=\"noopener\">https:\/\/alison.com\/<\/a><\/p>\t\t\t\t\t\t\t\t<\/div>\n\t\t\t\t<\/div>\n\t\t\t\t<\/div>\n\t\t\t\t\t<\/div>\n\t\t\t\t<\/div>\n\t\t\t\t<\/div>\n\t\t","protected":false},"excerpt":{"rendered":"<p>Ressources aux parents Autres ressources ALISON \u2013 Un site web d\u2019apprentissage gratuit en ligne, extr\u00eamement populaire pour la formation aux comp\u00e9tences en TIC.\u00a0Formation interactive gratuite, apprentissage des comp\u00e9tences pour l\u2019ECDL, l\u2019ICDL, le BCS Unit-E, le BCS e-Citizen, les TIC, Internet, la litt\u00e9ratie financi\u00e8re, les tests psychom\u00e9triques, destin\u00e9e au personnel, aux \u00e9tudiants et aux particuliers.\u00a0https:\/\/alison.com\/<\/p>\n","protected":false},"author":1,"featured_media":0,"parent":0,"menu_order":0,"comment_status":"closed","ping_status":"closed","template":"","meta":{"_acf_changed":false,"footnotes":""},"class_list":["post-1972","page","type-page","status-publish","hentry"],"acf":[],"yoast_head":"<!-- This site is optimized with the Yoast SEO plugin v27.5 - https:\/\/yoast.com\/product\/yoast-seo-wordpress\/ -->\n<title>Ressources aux parents - Kanehsat\u00e0:ke Education Center<\/title>\n<meta name=\"robots\" content=\"index, follow, max-snippet:-1, max-image-preview:large, max-video-preview:-1\" \/>\n<link rel=\"canonical\" href=\"https:\/\/kanedu.ca\/fr\/ressources-aux-parents\/\" \/>\n<meta property=\"og:locale\" content=\"fr_FR\" \/>\n<meta property=\"og:type\" content=\"article\" \/>\n<meta property=\"og:title\" content=\"Ressources aux parents - Kanehsat\u00e0:ke Education Center\" \/>\n<meta property=\"og:description\" content=\"Ressources aux parents Autres ressources ALISON \u2013 Un site web d\u2019apprentissage gratuit en ligne, extr\u00eamement populaire pour la formation aux comp\u00e9tences en TIC.\u00a0Formation interactive gratuite, apprentissage des comp\u00e9tences pour l\u2019ECDL, l\u2019ICDL, le BCS Unit-E, le BCS e-Citizen, les TIC, Internet, la litt\u00e9ratie financi\u00e8re, les tests psychom\u00e9triques, destin\u00e9e au personnel, aux \u00e9tudiants et aux particuliers.\u00a0https:\/\/alison.com\/\" \/>\n<meta property=\"og:url\" content=\"https:\/\/kanedu.ca\/fr\/ressources-aux-parents\/\" \/>\n<meta property=\"og:site_name\" content=\"Kanehsat\u00e0:ke Education Center\" \/>\n<meta property=\"article:publisher\" content=\"https:\/\/www.facebook.com\/profile.php?id=61558653038752\" \/>\n<meta property=\"article:modified_time\" content=\"2025-12-09T19:52:46+00:00\" \/>\n<meta name=\"twitter:card\" content=\"summary_large_image\" \/>\n<meta name=\"twitter:label1\" content=\"Dur\u00e9e de lecture estim\u00e9e\" \/>\n\t<meta name=\"twitter:data1\" content=\"1 minute\" \/>\n<script type=\"application\/ld+json\" class=\"yoast-schema-graph\">{\"@context\":\"https:\\\/\\\/schema.org\",\"@graph\":[{\"@type\":\"WebPage\",\"@id\":\"https:\\\/\\\/kanedu.ca\\\/fr\\\/ressources-aux-parents\\\/\",\"url\":\"https:\\\/\\\/kanedu.ca\\\/fr\\\/ressources-aux-parents\\\/\",\"name\":\"Ressources aux parents - Kanehsat\u00e0:ke Education Center\",\"isPartOf\":{\"@id\":\"https:\\\/\\\/kanedu.ca\\\/fr\\\/#website\"},\"datePublished\":\"2024-11-08T14:27:05+00:00\",\"dateModified\":\"2025-12-09T19:52:46+00:00\",\"breadcrumb\":{\"@id\":\"https:\\\/\\\/kanedu.ca\\\/fr\\\/ressources-aux-parents\\\/#breadcrumb\"},\"inLanguage\":\"fr-FR\",\"potentialAction\":[{\"@type\":\"ReadAction\",\"target\":[\"https:\\\/\\\/kanedu.ca\\\/fr\\\/ressources-aux-parents\\\/\"]}]},{\"@type\":\"BreadcrumbList\",\"@id\":\"https:\\\/\\\/kanedu.ca\\\/fr\\\/ressources-aux-parents\\\/#breadcrumb\",\"itemListElement\":[{\"@type\":\"ListItem\",\"position\":1,\"name\":\"Kanehsat\u00e0:ke Education Center\",\"item\":\"https:\\\/\\\/kanedu.ca\\\/fr\\\/\"},{\"@type\":\"ListItem\",\"position\":2,\"name\":\"Ressources aux parents\"}]},{\"@type\":\"WebSite\",\"@id\":\"https:\\\/\\\/kanedu.ca\\\/fr\\\/#website\",\"url\":\"https:\\\/\\\/kanedu.ca\\\/fr\\\/\",\"name\":\"Kanehsat\u00e0:ke Education Center\",\"description\":\"\",\"publisher\":{\"@id\":\"https:\\\/\\\/kanedu.ca\\\/fr\\\/#organization\"},\"potentialAction\":[{\"@type\":\"SearchAction\",\"target\":{\"@type\":\"EntryPoint\",\"urlTemplate\":\"https:\\\/\\\/kanedu.ca\\\/fr\\\/?s={search_term_string}\"},\"query-input\":{\"@type\":\"PropertyValueSpecification\",\"valueRequired\":true,\"valueName\":\"search_term_string\"}}],\"inLanguage\":\"fr-FR\"},{\"@type\":\"Organization\",\"@id\":\"https:\\\/\\\/kanedu.ca\\\/fr\\\/#organization\",\"name\":\"Kanehsat\u00e0:ke Education Center\",\"url\":\"https:\\\/\\\/kanedu.ca\\\/fr\\\/\",\"logo\":{\"@type\":\"ImageObject\",\"inLanguage\":\"fr-FR\",\"@id\":\"https:\\\/\\\/kanedu.ca\\\/fr\\\/#\\\/schema\\\/logo\\\/image\\\/\",\"url\":\"https:\\\/\\\/kanedu.ca\\\/wp-content\\\/uploads\\\/2024\\\/11\\\/kec-logo.png\",\"contentUrl\":\"https:\\\/\\\/kanedu.ca\\\/wp-content\\\/uploads\\\/2024\\\/11\\\/kec-logo.png\",\"width\":367,\"height\":366,\"caption\":\"Kanehsat\u00e0:ke Education Center\"},\"image\":{\"@id\":\"https:\\\/\\\/kanedu.ca\\\/fr\\\/#\\\/schema\\\/logo\\\/image\\\/\"},\"sameAs\":[\"https:\\\/\\\/www.facebook.com\\\/profile.php?id=61558653038752\"]}]}<\/script>\n<!-- \/ Yoast SEO plugin. -->","yoast_head_json":{"title":"Ressources aux parents - Kanehsat\u00e0:ke Education Center","robots":{"index":"index","follow":"follow","max-snippet":"max-snippet:-1","max-image-preview":"max-image-preview:large","max-video-preview":"max-video-preview:-1"},"canonical":"https:\/\/kanedu.ca\/fr\/ressources-aux-parents\/","og_locale":"fr_FR","og_type":"article","og_title":"Ressources aux parents - Kanehsat\u00e0:ke Education Center","og_description":"Ressources aux parents Autres ressources ALISON \u2013 Un site web d\u2019apprentissage gratuit en ligne, extr\u00eamement populaire pour la formation aux comp\u00e9tences en TIC.\u00a0Formation interactive gratuite, apprentissage des comp\u00e9tences pour l\u2019ECDL, l\u2019ICDL, le BCS Unit-E, le BCS e-Citizen, les TIC, Internet, la litt\u00e9ratie financi\u00e8re, les tests psychom\u00e9triques, destin\u00e9e au personnel, aux \u00e9tudiants et aux particuliers.\u00a0https:\/\/alison.com\/","og_url":"https:\/\/kanedu.ca\/fr\/ressources-aux-parents\/","og_site_name":"Kanehsat\u00e0:ke Education Center","article_publisher":"https:\/\/www.facebook.com\/profile.php?id=61558653038752","article_modified_time":"2025-12-09T19:52:46+00:00","twitter_card":"summary_large_image","twitter_misc":{"Dur\u00e9e de lecture estim\u00e9e":"1 minute"},"schema":{"@context":"https:\/\/schema.org","@graph":[{"@type":"WebPage","@id":"https:\/\/kanedu.ca\/fr\/ressources-aux-parents\/","url":"https:\/\/kanedu.ca\/fr\/ressources-aux-parents\/","name":"Ressources aux parents - Kanehsat\u00e0:ke Education Center","isPartOf":{"@id":"https:\/\/kanedu.ca\/fr\/#website"},"datePublished":"2024-11-08T14:27:05+00:00","dateModified":"2025-12-09T19:52:46+00:00","breadcrumb":{"@id":"https:\/\/kanedu.ca\/fr\/ressources-aux-parents\/#breadcrumb"},"inLanguage":"fr-FR","potentialAction":[{"@type":"ReadAction","target":["https:\/\/kanedu.ca\/fr\/ressources-aux-parents\/"]}]},{"@type":"BreadcrumbList","@id":"https:\/\/kanedu.ca\/fr\/ressources-aux-parents\/#breadcrumb","itemListElement":[{"@type":"ListItem","position":1,"name":"Kanehsat\u00e0:ke Education Center","item":"https:\/\/kanedu.ca\/fr\/"},{"@type":"ListItem","position":2,"name":"Ressources aux parents"}]},{"@type":"WebSite","@id":"https:\/\/kanedu.ca\/fr\/#website","url":"https:\/\/kanedu.ca\/fr\/","name":"Kanehsat\u00e0:ke Education Center","description":"","publisher":{"@id":"https:\/\/kanedu.ca\/fr\/#organization"},"potentialAction":[{"@type":"SearchAction","target":{"@type":"EntryPoint","urlTemplate":"https:\/\/kanedu.ca\/fr\/?s={search_term_string}"},"query-input":{"@type":"PropertyValueSpecification","valueRequired":true,"valueName":"search_term_string"}}],"inLanguage":"fr-FR"},{"@type":"Organization","@id":"https:\/\/kanedu.ca\/fr\/#organization","name":"Kanehsat\u00e0:ke Education Center","url":"https:\/\/kanedu.ca\/fr\/","logo":{"@type":"ImageObject","inLanguage":"fr-FR","@id":"https:\/\/kanedu.ca\/fr\/#\/schema\/logo\/image\/","url":"https:\/\/kanedu.ca\/wp-content\/uploads\/2024\/11\/kec-logo.png","contentUrl":"https:\/\/kanedu.ca\/wp-content\/uploads\/2024\/11\/kec-logo.png","width":367,"height":366,"caption":"Kanehsat\u00e0:ke Education Center"},"image":{"@id":"https:\/\/kanedu.ca\/fr\/#\/schema\/logo\/image\/"},"sameAs":["https:\/\/www.facebook.com\/profile.php?id=61558653038752"]}]}},"_links":{"self":[{"href":"https:\/\/kanedu.ca\/fr\/wp-json\/wp\/v2\/pages\/1972","targetHints":{"allow":["GET"]}}],"collection":[{"href":"https:\/\/kanedu.ca\/fr\/wp-json\/wp\/v2\/pages"}],"about":[{"href":"https:\/\/kanedu.ca\/fr\/wp-json\/wp\/v2\/types\/page"}],"author":[{"embeddable":true,"href":"https:\/\/kanedu.ca\/fr\/wp-json\/wp\/v2\/users\/1"}],"replies":[{"embeddable":true,"href":"https:\/\/kanedu.ca\/fr\/wp-json\/wp\/v2\/comments?post=1972"}],"version-history":[{"count":13,"href":"https:\/\/kanedu.ca\/fr\/wp-json\/wp\/v2\/pages\/1972\/revisions"}],"predecessor-version":[{"id":3052,"href":"https:\/\/kanedu.ca\/fr\/wp-json\/wp\/v2\/pages\/1972\/revisions\/3052"}],"wp:attachment":[{"href":"https:\/\/kanedu.ca\/fr\/wp-json\/wp\/v2\/media?parent=1972"}],"curies":[{"name":"wp","href":"https:\/\/api.w.org\/{rel}","templated":true}]}}