{"id":1962,"date":"2024-11-08T09:24:46","date_gmt":"2024-11-08T14:24:46","guid":{"rendered":"https:\/\/kanedu.ca\/emplois-et-opportunites-pour-les-etudiants\/"},"modified":"2025-12-09T13:57:07","modified_gmt":"2025-12-09T18:57:07","slug":"emplois-et-opportunites-pour-les-etudiants","status":"publish","type":"page","link":"https:\/\/kanedu.ca\/fr\/emplois-et-opportunites-pour-les-etudiants\/","title":{"rendered":"Emplois et opportunit\u00e9s pour les \u00e9tudiants"},"content":{"rendered":"\t\t<div data-elementor-type=\"wp-page\" data-elementor-id=\"1962\" class=\"elementor elementor-1962 elementor-39\" data-elementor-post-type=\"page\">\n\t\t\t\t<div class=\"elementor-element elementor-element-40238313 e-flex e-con-boxed e-con e-parent\" data-id=\"40238313\" data-element_type=\"container\" data-e-type=\"container\" data-settings=\"{&quot;background_background&quot;:&quot;classic&quot;}\">\n\t\t\t\t\t<div class=\"e-con-inner\">\n\t\t<div class=\"elementor-element elementor-element-6f87eac3 e-con-full e-flex e-con e-child\" data-id=\"6f87eac3\" data-element_type=\"container\" data-e-type=\"container\">\n\t\t\t\t<\/div>\n\t\t\t\t<div class=\"elementor-element elementor-element-6efd9696 elementor-widget elementor-widget-heading\" data-id=\"6efd9696\" data-element_type=\"widget\" data-e-type=\"widget\" data-widget_type=\"heading.default\">\n\t\t\t\t<div class=\"elementor-widget-container\">\n\t\t\t\t\t<h1 class=\"elementor-heading-title elementor-size-default\">\u00c9tudiants Emplois<br>&amp; Opportunit\u00e9s<\/h1>\t\t\t\t<\/div>\n\t\t\t\t<\/div>\n\t\t\t\t\t<\/div>\n\t\t\t\t<\/div>\n\t\t<div class=\"elementor-element elementor-element-5029f8e1 e-flex e-con-boxed e-con e-parent\" data-id=\"5029f8e1\" data-element_type=\"container\" data-e-type=\"container\">\n\t\t\t\t\t<div class=\"e-con-inner\">\n\t\t\t\t<div class=\"elementor-element elementor-element-5b1625b1 elementor-widget elementor-widget-breadcrumbs\" data-id=\"5b1625b1\" data-element_type=\"widget\" data-e-type=\"widget\" data-widget_type=\"breadcrumbs.default\">\n\t\t\t\t<div class=\"elementor-widget-container\">\n\t\t\t\t\t<p id=\"breadcrumbs\"><span><span><a href=\"https:\/\/kanedu.ca\/fr\/\">Kanehsat\u00e0:ke Education Center<\/a><\/span><\/span><\/p>\t\t\t\t<\/div>\n\t\t\t\t<\/div>\n\t\t\t\t\t<\/div>\n\t\t\t\t<\/div>\n\t\t<div class=\"elementor-element elementor-element-f58ac32 e-flex e-con-boxed e-con e-parent\" data-id=\"f58ac32\" data-element_type=\"container\" data-e-type=\"container\">\n\t\t\t\t\t<div class=\"e-con-inner\">\n\t\t\t\t<div class=\"elementor-element elementor-element-5d64d8c elementor-widget elementor-widget-heading\" data-id=\"5d64d8c\" data-element_type=\"widget\" data-e-type=\"widget\" data-widget_type=\"heading.default\">\n\t\t\t\t<div class=\"elementor-widget-container\">\n\t\t\t\t\t<h3 class=\"elementor-heading-title elementor-size-default\">saisissez les opportunit\u00e9s<\/h3>\t\t\t\t<\/div>\n\t\t\t\t<\/div>\n\t\t\t\t<div class=\"elementor-element elementor-element-350b8df elementor-widget elementor-widget-heading\" data-id=\"350b8df\" data-element_type=\"widget\" data-e-type=\"widget\" data-widget_type=\"heading.default\">\n\t\t\t\t<div class=\"elementor-widget-container\">\n\t\t\t\t\t<h2 class=\"elementor-heading-title elementor-size-default\">Carri\u00e8res<\/h2>\t\t\t\t<\/div>\n\t\t\t\t<\/div>\n\t\t\t\t\t<\/div>\n\t\t\t\t<\/div>\n\t\t<div class=\"elementor-element elementor-element-6273638 e-flex e-con-boxed e-con e-parent\" data-id=\"6273638\" data-element_type=\"container\" data-e-type=\"container\">\n\t\t\t\t\t<div class=\"e-con-inner\">\n\t\t\t\t<div class=\"elementor-element elementor-element-5b2dae3 elementor-grid-1 elementor-grid-tablet-1 elementor-grid-mobile-1 elementor-widget elementor-widget-loop-grid\" data-id=\"5b2dae3\" data-element_type=\"widget\" data-e-type=\"widget\" data-settings=\"{&quot;template_id&quot;:2055,&quot;row_gap&quot;:{&quot;unit&quot;:&quot;px&quot;,&quot;size&quot;:60,&quot;sizes&quot;:[]},&quot;columns&quot;:1,&quot;columns_tablet&quot;:1,&quot;_skin&quot;:&quot;post&quot;,&quot;columns_mobile&quot;:&quot;1&quot;,&quot;edit_handle_selector&quot;:&quot;[data-elementor-type=\\&quot;loop-item\\&quot;]&quot;,&quot;row_gap_tablet_extra&quot;:{&quot;unit&quot;:&quot;px&quot;,&quot;size&quot;:&quot;&quot;,&quot;sizes&quot;:[]},&quot;row_gap_tablet&quot;:{&quot;unit&quot;:&quot;px&quot;,&quot;size&quot;:&quot;&quot;,&quot;sizes&quot;:[]},&quot;row_gap_mobile&quot;:{&quot;unit&quot;:&quot;px&quot;,&quot;size&quot;:&quot;&quot;,&quot;sizes&quot;:[]}}\" data-widget_type=\"loop-grid.post\">\n\t\t\t\t<div class=\"elementor-widget-container\">\n\t\t\t\t\t\t\t<div class=\"e-loop-nothing-found-message\">\n\t\t<\/div>\n\t\t\t\t\t\t<\/div>\n\t\t\t\t<\/div>\n\t\t\t\t<div class=\"elementor-element elementor-element-e7975e5 dc-has-condition dc-condition-empty elementor-widget elementor-widget-text-editor\" data-id=\"e7975e5\" data-element_type=\"widget\" data-e-type=\"widget\" data-widget_type=\"text-editor.default\">\n\t\t\t\t<div class=\"elementor-widget-container\">\n\t\t\t\t\t\t\t\t\t<p>Aucune poste disponible.<\/p>\t\t\t\t\t\t\t\t<\/div>\n\t\t\t\t<\/div>\n\t\t\t\t\t<\/div>\n\t\t\t\t<\/div>\n\t\t<div class=\"elementor-element elementor-element-13702c8 e-flex e-con-boxed e-con e-parent\" data-id=\"13702c8\" data-element_type=\"container\" data-e-type=\"container\">\n\t\t\t\t\t<div class=\"e-con-inner\">\n\t\t\t\t<div class=\"elementor-element elementor-element-75aaff8 elementor-widget-divider--view-line elementor-widget elementor-widget-divider\" data-id=\"75aaff8\" data-element_type=\"widget\" data-e-type=\"widget\" data-widget_type=\"divider.default\">\n\t\t\t\t<div class=\"elementor-widget-container\">\n\t\t\t\t\t\t\t<div class=\"elementor-divider\">\n\t\t\t<span class=\"elementor-divider-separator\">\n\t\t\t\t\t\t<\/span>\n\t\t<\/div>\n\t\t\t\t\t\t<\/div>\n\t\t\t\t<\/div>\n\t\t\t\t\t<\/div>\n\t\t\t\t<\/div>\n\t\t<div class=\"elementor-element elementor-element-a64520e e-flex e-con-boxed e-con e-parent\" data-id=\"a64520e\" data-element_type=\"container\" data-e-type=\"container\">\n\t\t\t\t\t<div class=\"e-con-inner\">\n\t\t\t\t<div class=\"elementor-element elementor-element-eb04d1a elementor-widget elementor-widget-heading\" data-id=\"eb04d1a\" data-element_type=\"widget\" data-e-type=\"widget\" data-widget_type=\"heading.default\">\n\t\t\t\t<div class=\"elementor-widget-container\">\n\t\t\t\t\t<h3 class=\"elementor-heading-title elementor-size-default\">allez plus loin<\/h3>\t\t\t\t<\/div>\n\t\t\t\t<\/div>\n\t\t\t\t<div class=\"elementor-element elementor-element-84c0dbc elementor-widget elementor-widget-heading\" data-id=\"84c0dbc\" data-element_type=\"widget\" data-e-type=\"widget\" data-widget_type=\"heading.default\">\n\t\t\t\t<div class=\"elementor-widget-container\">\n\t\t\t\t\t<h2 class=\"elementor-heading-title elementor-size-default\">Programme de soutien \u00e0 l'enseignement post-secondaire<\/h2>\t\t\t\t<\/div>\n\t\t\t\t<\/div>\n\t\t\t\t<div class=\"elementor-element elementor-element-069062e elementor-widget elementor-widget-text-editor\" data-id=\"069062e\" data-element_type=\"widget\" data-e-type=\"widget\" data-widget_type=\"text-editor.default\">\n\t\t\t\t<div class=\"elementor-widget-container\">\n\t\t\t\t\t\t\t\t\tEnvie d\u2019aller plus loin dans votre \u00e9ducation et votre avenir?Affaires autochtones et du Nord Canada offre un soutien financier aux \u00e9tudiants des Premi\u00e8res Nations admissibles afin de les aider \u00e0 obtenir des certificats, des dipl\u00f4mes, des grades de premier cycle ou des dipl\u00f4mes d\u2019\u00e9tudes avanc\u00e9es. Ce soutien vise \u00e9galement \u00e0 couvrir certains co\u00fbts li\u00e9s aux \u00e9tudes, tels que les frais de scolarit\u00e9, les frais obligatoires, les livres requis et une allocation de subsistance.\t\t\t\t\t\t\t\t<\/div>\n\t\t\t\t<\/div>\n\t\t\t\t<div class=\"elementor-element elementor-element-326d9ed elementor-align-center elementor-widget elementor-widget-button\" data-id=\"326d9ed\" data-element_type=\"widget\" data-e-type=\"widget\" data-widget_type=\"button.default\">\n\t\t\t\t<div class=\"elementor-widget-container\">\n\t\t\t\t\t\t\t\t\t<div class=\"elementor-button-wrapper\">\n\t\t\t\t\t<a class=\"elementor-button elementor-button-link elementor-size-sm\" href=\"https:\/\/kanedu.ca\/fr\/financement-des-etudiants-de-letude-post-secondaire\/\">\n\t\t\t\t\t\t<span class=\"elementor-button-content-wrapper\">\n\t\t\t\t\t\t\t\t\t<span class=\"elementor-button-text\">Consulter le programme<\/span>\n\t\t\t\t\t<\/span>\n\t\t\t\t\t<\/a>\n\t\t\t\t<\/div>\n\t\t\t\t\t\t\t\t<\/div>\n\t\t\t\t<\/div>\n\t\t\t\t\t<\/div>\n\t\t\t\t<\/div>\n\t\t\t\t<\/div>\n\t\t","protected":false},"excerpt":{"rendered":"<p>\u00c9tudiants Emplois&amp; Opportunit\u00e9s saisissez les opportunit\u00e9s Carri\u00e8res Aucune poste disponible. allez plus loin Programme de soutien \u00e0 l&rsquo;enseignement post-secondaire Envie d\u2019aller plus loin dans votre \u00e9ducation et votre avenir?Affaires autochtones et du Nord Canada offre un soutien financier aux \u00e9tudiants des Premi\u00e8res Nations admissibles afin de les aider \u00e0 obtenir des certificats, des dipl\u00f4mes, des [&hellip;]<\/p>\n","protected":false},"author":1,"featured_media":0,"parent":0,"menu_order":0,"comment_status":"closed","ping_status":"closed","template":"","meta":{"_acf_changed":false,"footnotes":""},"class_list":["post-1962","page","type-page","status-publish","hentry"],"acf":[],"yoast_head":"<!-- This site is optimized with the Yoast SEO plugin v27.5 - https:\/\/yoast.com\/product\/yoast-seo-wordpress\/ -->\n<title>Emplois et opportunit\u00e9s pour les \u00e9tudiants - Kanehsat\u00e0:ke Education Center<\/title>\n<meta name=\"robots\" content=\"index, follow, max-snippet:-1, max-image-preview:large, max-video-preview:-1\" \/>\n<link rel=\"canonical\" href=\"https:\/\/kanedu.ca\/fr\/emplois-et-opportunites-pour-les-etudiants\/\" \/>\n<meta property=\"og:locale\" content=\"fr_FR\" \/>\n<meta property=\"og:type\" content=\"article\" \/>\n<meta property=\"og:title\" content=\"Emplois et opportunit\u00e9s pour les \u00e9tudiants - Kanehsat\u00e0:ke Education Center\" \/>\n<meta property=\"og:description\" content=\"\u00c9tudiants Emplois&amp; Opportunit\u00e9s saisissez les opportunit\u00e9s Carri\u00e8res Aucune poste disponible. allez plus loin Programme de soutien \u00e0 l&rsquo;enseignement post-secondaire Envie d\u2019aller plus loin dans votre \u00e9ducation et votre avenir?Affaires autochtones et du Nord Canada offre un soutien financier aux \u00e9tudiants des Premi\u00e8res Nations admissibles afin de les aider \u00e0 obtenir des certificats, des dipl\u00f4mes, des [&hellip;]\" \/>\n<meta property=\"og:url\" content=\"https:\/\/kanedu.ca\/fr\/emplois-et-opportunites-pour-les-etudiants\/\" \/>\n<meta property=\"og:site_name\" content=\"Kanehsat\u00e0:ke Education Center\" \/>\n<meta property=\"article:publisher\" content=\"https:\/\/www.facebook.com\/profile.php?id=61558653038752\" \/>\n<meta property=\"article:modified_time\" content=\"2025-12-09T18:57:07+00:00\" \/>\n<meta name=\"twitter:card\" content=\"summary_large_image\" \/>\n<meta name=\"twitter:label1\" content=\"Dur\u00e9e de lecture estim\u00e9e\" \/>\n\t<meta name=\"twitter:data1\" content=\"1 minute\" \/>\n<script type=\"application\/ld+json\" class=\"yoast-schema-graph\">{\"@context\":\"https:\\\/\\\/schema.org\",\"@graph\":[{\"@type\":\"WebPage\",\"@id\":\"https:\\\/\\\/kanedu.ca\\\/fr\\\/emplois-et-opportunites-pour-les-etudiants\\\/\",\"url\":\"https:\\\/\\\/kanedu.ca\\\/fr\\\/emplois-et-opportunites-pour-les-etudiants\\\/\",\"name\":\"Emplois et opportunit\u00e9s pour les \u00e9tudiants - Kanehsat\u00e0:ke Education Center\",\"isPartOf\":{\"@id\":\"https:\\\/\\\/kanedu.ca\\\/fr\\\/#website\"},\"datePublished\":\"2024-11-08T14:24:46+00:00\",\"dateModified\":\"2025-12-09T18:57:07+00:00\",\"breadcrumb\":{\"@id\":\"https:\\\/\\\/kanedu.ca\\\/fr\\\/emplois-et-opportunites-pour-les-etudiants\\\/#breadcrumb\"},\"inLanguage\":\"fr-FR\",\"potentialAction\":[{\"@type\":\"ReadAction\",\"target\":[\"https:\\\/\\\/kanedu.ca\\\/fr\\\/emplois-et-opportunites-pour-les-etudiants\\\/\"]}]},{\"@type\":\"BreadcrumbList\",\"@id\":\"https:\\\/\\\/kanedu.ca\\\/fr\\\/emplois-et-opportunites-pour-les-etudiants\\\/#breadcrumb\",\"itemListElement\":[{\"@type\":\"ListItem\",\"position\":1,\"name\":\"Kanehsat\u00e0:ke Education Center\",\"item\":\"https:\\\/\\\/kanedu.ca\\\/fr\\\/\"},{\"@type\":\"ListItem\",\"position\":2,\"name\":\"Emplois et opportunit\u00e9s pour les \u00e9tudiants\"}]},{\"@type\":\"WebSite\",\"@id\":\"https:\\\/\\\/kanedu.ca\\\/fr\\\/#website\",\"url\":\"https:\\\/\\\/kanedu.ca\\\/fr\\\/\",\"name\":\"Kanehsat\u00e0:ke Education Center\",\"description\":\"\",\"publisher\":{\"@id\":\"https:\\\/\\\/kanedu.ca\\\/fr\\\/#organization\"},\"potentialAction\":[{\"@type\":\"SearchAction\",\"target\":{\"@type\":\"EntryPoint\",\"urlTemplate\":\"https:\\\/\\\/kanedu.ca\\\/fr\\\/?s={search_term_string}\"},\"query-input\":{\"@type\":\"PropertyValueSpecification\",\"valueRequired\":true,\"valueName\":\"search_term_string\"}}],\"inLanguage\":\"fr-FR\"},{\"@type\":\"Organization\",\"@id\":\"https:\\\/\\\/kanedu.ca\\\/fr\\\/#organization\",\"name\":\"Kanehsat\u00e0:ke Education Center\",\"url\":\"https:\\\/\\\/kanedu.ca\\\/fr\\\/\",\"logo\":{\"@type\":\"ImageObject\",\"inLanguage\":\"fr-FR\",\"@id\":\"https:\\\/\\\/kanedu.ca\\\/fr\\\/#\\\/schema\\\/logo\\\/image\\\/\",\"url\":\"https:\\\/\\\/kanedu.ca\\\/wp-content\\\/uploads\\\/2024\\\/11\\\/kec-logo.png\",\"contentUrl\":\"https:\\\/\\\/kanedu.ca\\\/wp-content\\\/uploads\\\/2024\\\/11\\\/kec-logo.png\",\"width\":367,\"height\":366,\"caption\":\"Kanehsat\u00e0:ke Education Center\"},\"image\":{\"@id\":\"https:\\\/\\\/kanedu.ca\\\/fr\\\/#\\\/schema\\\/logo\\\/image\\\/\"},\"sameAs\":[\"https:\\\/\\\/www.facebook.com\\\/profile.php?id=61558653038752\"]}]}<\/script>\n<!-- \/ Yoast SEO plugin. -->","yoast_head_json":{"title":"Emplois et opportunit\u00e9s pour les \u00e9tudiants - Kanehsat\u00e0:ke Education Center","robots":{"index":"index","follow":"follow","max-snippet":"max-snippet:-1","max-image-preview":"max-image-preview:large","max-video-preview":"max-video-preview:-1"},"canonical":"https:\/\/kanedu.ca\/fr\/emplois-et-opportunites-pour-les-etudiants\/","og_locale":"fr_FR","og_type":"article","og_title":"Emplois et opportunit\u00e9s pour les \u00e9tudiants - Kanehsat\u00e0:ke Education Center","og_description":"\u00c9tudiants Emplois&amp; Opportunit\u00e9s saisissez les opportunit\u00e9s Carri\u00e8res Aucune poste disponible. allez plus loin Programme de soutien \u00e0 l&rsquo;enseignement post-secondaire Envie d\u2019aller plus loin dans votre \u00e9ducation et votre avenir?Affaires autochtones et du Nord Canada offre un soutien financier aux \u00e9tudiants des Premi\u00e8res Nations admissibles afin de les aider \u00e0 obtenir des certificats, des dipl\u00f4mes, des [&hellip;]","og_url":"https:\/\/kanedu.ca\/fr\/emplois-et-opportunites-pour-les-etudiants\/","og_site_name":"Kanehsat\u00e0:ke Education Center","article_publisher":"https:\/\/www.facebook.com\/profile.php?id=61558653038752","article_modified_time":"2025-12-09T18:57:07+00:00","twitter_card":"summary_large_image","twitter_misc":{"Dur\u00e9e de lecture estim\u00e9e":"1 minute"},"schema":{"@context":"https:\/\/schema.org","@graph":[{"@type":"WebPage","@id":"https:\/\/kanedu.ca\/fr\/emplois-et-opportunites-pour-les-etudiants\/","url":"https:\/\/kanedu.ca\/fr\/emplois-et-opportunites-pour-les-etudiants\/","name":"Emplois et opportunit\u00e9s pour les \u00e9tudiants - Kanehsat\u00e0:ke Education Center","isPartOf":{"@id":"https:\/\/kanedu.ca\/fr\/#website"},"datePublished":"2024-11-08T14:24:46+00:00","dateModified":"2025-12-09T18:57:07+00:00","breadcrumb":{"@id":"https:\/\/kanedu.ca\/fr\/emplois-et-opportunites-pour-les-etudiants\/#breadcrumb"},"inLanguage":"fr-FR","potentialAction":[{"@type":"ReadAction","target":["https:\/\/kanedu.ca\/fr\/emplois-et-opportunites-pour-les-etudiants\/"]}]},{"@type":"BreadcrumbList","@id":"https:\/\/kanedu.ca\/fr\/emplois-et-opportunites-pour-les-etudiants\/#breadcrumb","itemListElement":[{"@type":"ListItem","position":1,"name":"Kanehsat\u00e0:ke Education Center","item":"https:\/\/kanedu.ca\/fr\/"},{"@type":"ListItem","position":2,"name":"Emplois et opportunit\u00e9s pour les \u00e9tudiants"}]},{"@type":"WebSite","@id":"https:\/\/kanedu.ca\/fr\/#website","url":"https:\/\/kanedu.ca\/fr\/","name":"Kanehsat\u00e0:ke Education Center","description":"","publisher":{"@id":"https:\/\/kanedu.ca\/fr\/#organization"},"potentialAction":[{"@type":"SearchAction","target":{"@type":"EntryPoint","urlTemplate":"https:\/\/kanedu.ca\/fr\/?s={search_term_string}"},"query-input":{"@type":"PropertyValueSpecification","valueRequired":true,"valueName":"search_term_string"}}],"inLanguage":"fr-FR"},{"@type":"Organization","@id":"https:\/\/kanedu.ca\/fr\/#organization","name":"Kanehsat\u00e0:ke Education Center","url":"https:\/\/kanedu.ca\/fr\/","logo":{"@type":"ImageObject","inLanguage":"fr-FR","@id":"https:\/\/kanedu.ca\/fr\/#\/schema\/logo\/image\/","url":"https:\/\/kanedu.ca\/wp-content\/uploads\/2024\/11\/kec-logo.png","contentUrl":"https:\/\/kanedu.ca\/wp-content\/uploads\/2024\/11\/kec-logo.png","width":367,"height":366,"caption":"Kanehsat\u00e0:ke Education Center"},"image":{"@id":"https:\/\/kanedu.ca\/fr\/#\/schema\/logo\/image\/"},"sameAs":["https:\/\/www.facebook.com\/profile.php?id=61558653038752"]}]}},"_links":{"self":[{"href":"https:\/\/kanedu.ca\/fr\/wp-json\/wp\/v2\/pages\/1962","targetHints":{"allow":["GET"]}}],"collection":[{"href":"https:\/\/kanedu.ca\/fr\/wp-json\/wp\/v2\/pages"}],"about":[{"href":"https:\/\/kanedu.ca\/fr\/wp-json\/wp\/v2\/types\/page"}],"author":[{"embeddable":true,"href":"https:\/\/kanedu.ca\/fr\/wp-json\/wp\/v2\/users\/1"}],"replies":[{"embeddable":true,"href":"https:\/\/kanedu.ca\/fr\/wp-json\/wp\/v2\/comments?post=1962"}],"version-history":[{"count":22,"href":"https:\/\/kanedu.ca\/fr\/wp-json\/wp\/v2\/pages\/1962\/revisions"}],"predecessor-version":[{"id":2967,"href":"https:\/\/kanedu.ca\/fr\/wp-json\/wp\/v2\/pages\/1962\/revisions\/2967"}],"wp:attachment":[{"href":"https:\/\/kanedu.ca\/fr\/wp-json\/wp\/v2\/media?parent=1962"}],"curies":[{"name":"wp","href":"https:\/\/api.w.org\/{rel}","templated":true}]}}