{"id":1913,"date":"2024-11-08T09:20:59","date_gmt":"2024-11-08T14:20:59","guid":{"rendered":"https:\/\/kanedu.ca\/message-de-la-directrice\/"},"modified":"2025-10-17T12:03:26","modified_gmt":"2025-10-17T16:03:26","slug":"message-de-la-directrice","status":"publish","type":"page","link":"https:\/\/kanedu.ca\/fr\/message-de-la-directrice\/","title":{"rendered":"Message de la directrice"},"content":{"rendered":"\t\t<div data-elementor-type=\"wp-page\" data-elementor-id=\"1913\" class=\"elementor elementor-1913 elementor-19\" data-elementor-post-type=\"page\">\n\t\t\t\t<div class=\"elementor-element elementor-element-3ced6ac e-flex e-con-boxed e-con e-parent\" data-id=\"3ced6ac\" data-element_type=\"container\" data-e-type=\"container\" data-settings=\"{&quot;background_background&quot;:&quot;classic&quot;}\">\n\t\t\t\t\t<div class=\"e-con-inner\">\n\t\t<div class=\"elementor-element elementor-element-52a8814 e-con-full e-flex e-con e-child\" data-id=\"52a8814\" data-element_type=\"container\" data-e-type=\"container\">\n\t\t\t\t<\/div>\n\t\t\t\t<div class=\"elementor-element elementor-element-0574752 elementor-widget elementor-widget-heading\" data-id=\"0574752\" data-element_type=\"widget\" data-e-type=\"widget\" data-widget_type=\"heading.default\">\n\t\t\t\t<div class=\"elementor-widget-container\">\n\t\t\t\t\t<h1 class=\"elementor-heading-title elementor-size-default\">Message<br>de la directrice<\/h1>\t\t\t\t<\/div>\n\t\t\t\t<\/div>\n\t\t\t\t\t<\/div>\n\t\t\t\t<\/div>\n\t\t<div class=\"elementor-element elementor-element-d4721e0 e-flex e-con-boxed e-con e-parent\" data-id=\"d4721e0\" data-element_type=\"container\" data-e-type=\"container\">\n\t\t\t\t\t<div class=\"e-con-inner\">\n\t\t\t\t<div class=\"elementor-element elementor-element-ad66c4a elementor-widget elementor-widget-breadcrumbs\" data-id=\"ad66c4a\" data-element_type=\"widget\" data-e-type=\"widget\" data-widget_type=\"breadcrumbs.default\">\n\t\t\t\t<div class=\"elementor-widget-container\">\n\t\t\t\t\t<p id=\"breadcrumbs\"><span><span><a href=\"https:\/\/kanedu.ca\/fr\/\">Kanehsat\u00e0:ke Education Center<\/a><\/span><\/span><\/p>\t\t\t\t<\/div>\n\t\t\t\t<\/div>\n\t\t\t\t\t<\/div>\n\t\t\t\t<\/div>\n\t\t<div class=\"elementor-element elementor-element-782c356 e-flex e-con-boxed e-con e-parent\" data-id=\"782c356\" data-element_type=\"container\" data-e-type=\"container\">\n\t\t\t\t\t<div class=\"e-con-inner\">\n\t\t<div class=\"elementor-element elementor-element-772a766 e-con-full e-flex e-con e-child\" data-id=\"772a766\" data-element_type=\"container\" data-e-type=\"container\" data-settings=\"{&quot;background_background&quot;:&quot;classic&quot;}\">\n\t\t\t\t<\/div>\n\t\t<div class=\"elementor-element elementor-element-b443677 e-con-full e-flex e-con e-child\" data-id=\"b443677\" data-element_type=\"container\" data-e-type=\"container\">\n\t\t\t\t<div class=\"elementor-element elementor-element-2777334 elementor-widget elementor-widget-heading\" data-id=\"2777334\" data-element_type=\"widget\" data-e-type=\"widget\" data-widget_type=\"heading.default\">\n\t\t\t\t<div class=\"elementor-widget-container\">\n\t\t\t\t\t<h2 class=\"elementor-heading-title elementor-size-default\">Directrice du Centre d'\u00e9ducation de Kanehsat\u00e0:ke<\/h2>\t\t\t\t<\/div>\n\t\t\t\t<\/div>\n\t\t\t\t<div class=\"elementor-element elementor-element-f781aa8 elementor-widget elementor-widget-heading\" data-id=\"f781aa8\" data-element_type=\"widget\" data-e-type=\"widget\" data-widget_type=\"heading.default\">\n\t\t\t\t<div class=\"elementor-widget-container\">\n\t\t\t\t\t<h2 class=\"elementor-heading-title elementor-size-default\">Watsenniiostha Nelson<\/h2>\t\t\t\t<\/div>\n\t\t\t\t<\/div>\n\t\t\t\t<div class=\"elementor-element elementor-element-66a4be8 elementor-widget elementor-widget-text-editor\" data-id=\"66a4be8\" data-element_type=\"widget\" data-e-type=\"widget\" data-widget_type=\"text-editor.default\">\n\t\t\t\t<div class=\"elementor-widget-container\">\n\t\t\t\t\t\t\t\t\t<p>Sh\u00e9:kon, et bienvenue sur le site du centre d&rsquo;\u00e9ducation de Kanehsat\u00e0:ke.<\/p><p>Au c\u0153ur de notre mission se trouve un engagement profond \u00e0 cultiver les racines des leaders de demain. Nos deux \u00e9coles et notre centre d&rsquo;\u00e9ducation sont anim\u00e9s par ce mantra, qui nous rappelle de rester attentifs et concentr\u00e9s sur ce qui compte le plus : nos enfants et les sept prochaines g\u00e9n\u00e9rations.<\/p><p> <\/p><p>Au KEC, nous construisons nos fondations \u00e9ducatives en donnant la priorit\u00e9 \u00e0 la s\u00e9curit\u00e9, \u00e0 la pertinence culturelle et \u00e0 l&rsquo;esprit de collaboration. Nous croyons qu&rsquo;il faut soutenir chaque \u00e9l\u00e8ve dans son parcours \u00e9ducatif unique, l&rsquo;aider \u00e0 atteindre ses objectifs individuels tout en lui inculquant les valeurs et les traditions qui sont au c\u0153ur de notre communaut\u00e9 en tant que Kanehsata&rsquo;kehr\u00f3:non.<\/p>\t\t\t\t\t\t\t\t<\/div>\n\t\t\t\t<\/div>\n\t\t\t\t<\/div>\n\t\t\t\t\t<\/div>\n\t\t\t\t<\/div>\n\t\t<div class=\"elementor-element elementor-element-d043757 e-flex e-con-boxed e-con e-parent\" data-id=\"d043757\" data-element_type=\"container\" data-e-type=\"container\">\n\t\t\t\t\t<div class=\"e-con-inner\">\n\t\t\t\t<div class=\"elementor-element elementor-element-05cb708 elementor-widget elementor-widget-text-editor\" data-id=\"05cb708\" data-element_type=\"widget\" data-e-type=\"widget\" data-widget_type=\"text-editor.default\">\n\t\t\t\t<div class=\"elementor-widget-container\">\n\t\t\t\t\t\t\t\t\t<p>Nous nous consacrons non seulement \u00e0 la r\u00e9ussite et \u00e0 l&rsquo;\u00e9panouissement de nos \u00e9l\u00e8ves, mais aussi \u00e0 la formation continue et au d\u00e9veloppement de nos \u00e9ducateurs. Nous donnons la priorit\u00e9 au d\u00e9veloppement professionnel, en veillant \u00e0 ce que notre personnel dispose des outils, des ressources et du soutien dont il a besoin pour s&rsquo;am\u00e9liorer continuellement et \u00e9voluer dans ses fonctions. Il est tout aussi important pour nous que notre \u00e9quipe se sente en s\u00e9curit\u00e9, soutenue et pr\u00e9par\u00e9e, favorisant ainsi un environnement o\u00f9 chacun peut s&rsquo;\u00e9panouir et contribuer \u00e0 la r\u00e9ussite de nos \u00e9l\u00e8ves.<\/p>\n<p><br><\/p>\n<p>Notre objectif est de favoriser une exp\u00e9rience \u00e9ducative compl\u00e8te gr\u00e2ce \u00e0 une \u00e9quipe d\u00e9vou\u00e9e d&rsquo;\u00e9ducateurs, de personnel et d&rsquo;administrateurs. Nous combinons des cours rigoureux avec un large \u00e9ventail d&rsquo;activit\u00e9s extrascolaires qui r\u00e9pondent aux divers int\u00e9r\u00eats et talents de nos \u00e9tudiants. Notre objectif est de pr\u00e9parer chaque \u00e9l\u00e8ve non seulement \u00e0 la r\u00e9ussite scolaire, mais aussi \u00e0 une vie d&rsquo;apprentissage et de citoyennet\u00e9 active et responsable. Ensemble, nous pouvons cr\u00e9er un espace de soutien et d&rsquo;int\u00e9gration o\u00f9 chaque enfant a les moyens de grandir, de r\u00e9ussir et d&rsquo;assumer son identit\u00e9 en tant que Kanien&rsquo;keh\u00e1:ka, tout en avan\u00e7ant avec confiance vers un avenir radieux.<\/p>\n<p><br><\/p>\n<p>Je vous invite \u00e0 parcourir notre site web et \u00e0 d\u00e9couvrir les diff\u00e9rents programmes que nous proposons dans nos deux \u00e9coles.<\/p>\n<p><\/p>\n<p><br><\/p>\n<p>Directrice de l&rsquo;\u00e9ducation,<\/p>\t\t\t\t\t\t\t\t<\/div>\n\t\t\t\t<\/div>\n\t\t\t\t<div class=\"elementor-element elementor-element-0c0fa5e elementor-widget elementor-widget-heading\" data-id=\"0c0fa5e\" data-element_type=\"widget\" data-e-type=\"widget\" data-widget_type=\"heading.default\">\n\t\t\t\t<div class=\"elementor-widget-container\">\n\t\t\t\t\t<h2 class=\"elementor-heading-title elementor-size-default\">Watsenniiostha Nelson<\/h2>\t\t\t\t<\/div>\n\t\t\t\t<\/div>\n\t\t\t\t<div class=\"elementor-element elementor-element-941d0d5 elementor-widget elementor-widget-heading\" data-id=\"941d0d5\" data-element_type=\"widget\" data-e-type=\"widget\" data-widget_type=\"heading.default\">\n\t\t\t\t<div class=\"elementor-widget-container\">\n\t\t\t\t\t<h2 class=\"elementor-heading-title elementor-size-default\">Watsenniiosatha Nelson<\/h2>\t\t\t\t<\/div>\n\t\t\t\t<\/div>\n\t\t\t\t\t<\/div>\n\t\t\t\t<\/div>\n\t\t\t\t<\/div>\n\t\t","protected":false},"excerpt":{"rendered":"<p>Messagede la directrice Directrice du Centre d&rsquo;\u00e9ducation de Kanehsat\u00e0:ke Watsenniiostha Nelson Sh\u00e9:kon, et bienvenue sur le site du centre d&rsquo;\u00e9ducation de Kanehsat\u00e0:ke. Au c\u0153ur de notre mission se trouve un engagement profond \u00e0 cultiver les racines des leaders de demain. Nos deux \u00e9coles et notre centre d&rsquo;\u00e9ducation sont anim\u00e9s par ce mantra, qui nous rappelle [&hellip;]<\/p>\n","protected":false},"author":1,"featured_media":0,"parent":0,"menu_order":0,"comment_status":"closed","ping_status":"closed","template":"","meta":{"_acf_changed":false,"footnotes":""},"class_list":["post-1913","page","type-page","status-publish","hentry"],"acf":[],"yoast_head":"<!-- This site is optimized with the Yoast SEO plugin v27.5 - https:\/\/yoast.com\/product\/yoast-seo-wordpress\/ -->\n<title>Message de la directrice - Kanehsat\u00e0:ke Education Center<\/title>\n<meta name=\"robots\" content=\"index, follow, max-snippet:-1, max-image-preview:large, max-video-preview:-1\" \/>\n<link rel=\"canonical\" href=\"https:\/\/kanedu.ca\/fr\/message-de-la-directrice\/\" \/>\n<meta property=\"og:locale\" content=\"fr_FR\" \/>\n<meta property=\"og:type\" content=\"article\" \/>\n<meta property=\"og:title\" content=\"Message de la directrice - Kanehsat\u00e0:ke Education Center\" \/>\n<meta property=\"og:description\" content=\"Messagede la directrice Directrice du Centre d&rsquo;\u00e9ducation de Kanehsat\u00e0:ke Watsenniiostha Nelson Sh\u00e9:kon, et bienvenue sur le site du centre d&rsquo;\u00e9ducation de Kanehsat\u00e0:ke. Au c\u0153ur de notre mission se trouve un engagement profond \u00e0 cultiver les racines des leaders de demain. Nos deux \u00e9coles et notre centre d&rsquo;\u00e9ducation sont anim\u00e9s par ce mantra, qui nous rappelle [&hellip;]\" \/>\n<meta property=\"og:url\" content=\"https:\/\/kanedu.ca\/fr\/message-de-la-directrice\/\" \/>\n<meta property=\"og:site_name\" content=\"Kanehsat\u00e0:ke Education Center\" \/>\n<meta property=\"article:publisher\" content=\"https:\/\/www.facebook.com\/profile.php?id=61558653038752\" \/>\n<meta property=\"article:modified_time\" content=\"2025-10-17T16:03:26+00:00\" \/>\n<meta name=\"twitter:card\" content=\"summary_large_image\" \/>\n<meta name=\"twitter:label1\" content=\"Dur\u00e9e de lecture estim\u00e9e\" \/>\n\t<meta name=\"twitter:data1\" content=\"2 minutes\" \/>\n<script type=\"application\/ld+json\" class=\"yoast-schema-graph\">{\"@context\":\"https:\\\/\\\/schema.org\",\"@graph\":[{\"@type\":\"WebPage\",\"@id\":\"https:\\\/\\\/kanedu.ca\\\/fr\\\/message-de-la-directrice\\\/\",\"url\":\"https:\\\/\\\/kanedu.ca\\\/fr\\\/message-de-la-directrice\\\/\",\"name\":\"Message de la directrice - Kanehsat\u00e0:ke Education Center\",\"isPartOf\":{\"@id\":\"https:\\\/\\\/kanedu.ca\\\/fr\\\/#website\"},\"datePublished\":\"2024-11-08T14:20:59+00:00\",\"dateModified\":\"2025-10-17T16:03:26+00:00\",\"breadcrumb\":{\"@id\":\"https:\\\/\\\/kanedu.ca\\\/fr\\\/message-de-la-directrice\\\/#breadcrumb\"},\"inLanguage\":\"fr-FR\",\"potentialAction\":[{\"@type\":\"ReadAction\",\"target\":[\"https:\\\/\\\/kanedu.ca\\\/fr\\\/message-de-la-directrice\\\/\"]}]},{\"@type\":\"BreadcrumbList\",\"@id\":\"https:\\\/\\\/kanedu.ca\\\/fr\\\/message-de-la-directrice\\\/#breadcrumb\",\"itemListElement\":[{\"@type\":\"ListItem\",\"position\":1,\"name\":\"Kanehsat\u00e0:ke Education Center\",\"item\":\"https:\\\/\\\/kanedu.ca\\\/fr\\\/\"},{\"@type\":\"ListItem\",\"position\":2,\"name\":\"Message de la directrice\"}]},{\"@type\":\"WebSite\",\"@id\":\"https:\\\/\\\/kanedu.ca\\\/fr\\\/#website\",\"url\":\"https:\\\/\\\/kanedu.ca\\\/fr\\\/\",\"name\":\"Kanehsat\u00e0:ke Education Center\",\"description\":\"\",\"publisher\":{\"@id\":\"https:\\\/\\\/kanedu.ca\\\/fr\\\/#organization\"},\"potentialAction\":[{\"@type\":\"SearchAction\",\"target\":{\"@type\":\"EntryPoint\",\"urlTemplate\":\"https:\\\/\\\/kanedu.ca\\\/fr\\\/?s={search_term_string}\"},\"query-input\":{\"@type\":\"PropertyValueSpecification\",\"valueRequired\":true,\"valueName\":\"search_term_string\"}}],\"inLanguage\":\"fr-FR\"},{\"@type\":\"Organization\",\"@id\":\"https:\\\/\\\/kanedu.ca\\\/fr\\\/#organization\",\"name\":\"Kanehsat\u00e0:ke Education Center\",\"url\":\"https:\\\/\\\/kanedu.ca\\\/fr\\\/\",\"logo\":{\"@type\":\"ImageObject\",\"inLanguage\":\"fr-FR\",\"@id\":\"https:\\\/\\\/kanedu.ca\\\/fr\\\/#\\\/schema\\\/logo\\\/image\\\/\",\"url\":\"https:\\\/\\\/kanedu.ca\\\/wp-content\\\/uploads\\\/2024\\\/11\\\/kec-logo.png\",\"contentUrl\":\"https:\\\/\\\/kanedu.ca\\\/wp-content\\\/uploads\\\/2024\\\/11\\\/kec-logo.png\",\"width\":367,\"height\":366,\"caption\":\"Kanehsat\u00e0:ke Education Center\"},\"image\":{\"@id\":\"https:\\\/\\\/kanedu.ca\\\/fr\\\/#\\\/schema\\\/logo\\\/image\\\/\"},\"sameAs\":[\"https:\\\/\\\/www.facebook.com\\\/profile.php?id=61558653038752\"]}]}<\/script>\n<!-- \/ Yoast SEO plugin. -->","yoast_head_json":{"title":"Message de la directrice - Kanehsat\u00e0:ke Education Center","robots":{"index":"index","follow":"follow","max-snippet":"max-snippet:-1","max-image-preview":"max-image-preview:large","max-video-preview":"max-video-preview:-1"},"canonical":"https:\/\/kanedu.ca\/fr\/message-de-la-directrice\/","og_locale":"fr_FR","og_type":"article","og_title":"Message de la directrice - Kanehsat\u00e0:ke Education Center","og_description":"Messagede la directrice Directrice du Centre d&rsquo;\u00e9ducation de Kanehsat\u00e0:ke Watsenniiostha Nelson Sh\u00e9:kon, et bienvenue sur le site du centre d&rsquo;\u00e9ducation de Kanehsat\u00e0:ke. Au c\u0153ur de notre mission se trouve un engagement profond \u00e0 cultiver les racines des leaders de demain. Nos deux \u00e9coles et notre centre d&rsquo;\u00e9ducation sont anim\u00e9s par ce mantra, qui nous rappelle [&hellip;]","og_url":"https:\/\/kanedu.ca\/fr\/message-de-la-directrice\/","og_site_name":"Kanehsat\u00e0:ke Education Center","article_publisher":"https:\/\/www.facebook.com\/profile.php?id=61558653038752","article_modified_time":"2025-10-17T16:03:26+00:00","twitter_card":"summary_large_image","twitter_misc":{"Dur\u00e9e de lecture estim\u00e9e":"2 minutes"},"schema":{"@context":"https:\/\/schema.org","@graph":[{"@type":"WebPage","@id":"https:\/\/kanedu.ca\/fr\/message-de-la-directrice\/","url":"https:\/\/kanedu.ca\/fr\/message-de-la-directrice\/","name":"Message de la directrice - Kanehsat\u00e0:ke Education Center","isPartOf":{"@id":"https:\/\/kanedu.ca\/fr\/#website"},"datePublished":"2024-11-08T14:20:59+00:00","dateModified":"2025-10-17T16:03:26+00:00","breadcrumb":{"@id":"https:\/\/kanedu.ca\/fr\/message-de-la-directrice\/#breadcrumb"},"inLanguage":"fr-FR","potentialAction":[{"@type":"ReadAction","target":["https:\/\/kanedu.ca\/fr\/message-de-la-directrice\/"]}]},{"@type":"BreadcrumbList","@id":"https:\/\/kanedu.ca\/fr\/message-de-la-directrice\/#breadcrumb","itemListElement":[{"@type":"ListItem","position":1,"name":"Kanehsat\u00e0:ke Education Center","item":"https:\/\/kanedu.ca\/fr\/"},{"@type":"ListItem","position":2,"name":"Message de la directrice"}]},{"@type":"WebSite","@id":"https:\/\/kanedu.ca\/fr\/#website","url":"https:\/\/kanedu.ca\/fr\/","name":"Kanehsat\u00e0:ke Education Center","description":"","publisher":{"@id":"https:\/\/kanedu.ca\/fr\/#organization"},"potentialAction":[{"@type":"SearchAction","target":{"@type":"EntryPoint","urlTemplate":"https:\/\/kanedu.ca\/fr\/?s={search_term_string}"},"query-input":{"@type":"PropertyValueSpecification","valueRequired":true,"valueName":"search_term_string"}}],"inLanguage":"fr-FR"},{"@type":"Organization","@id":"https:\/\/kanedu.ca\/fr\/#organization","name":"Kanehsat\u00e0:ke Education Center","url":"https:\/\/kanedu.ca\/fr\/","logo":{"@type":"ImageObject","inLanguage":"fr-FR","@id":"https:\/\/kanedu.ca\/fr\/#\/schema\/logo\/image\/","url":"https:\/\/kanedu.ca\/wp-content\/uploads\/2024\/11\/kec-logo.png","contentUrl":"https:\/\/kanedu.ca\/wp-content\/uploads\/2024\/11\/kec-logo.png","width":367,"height":366,"caption":"Kanehsat\u00e0:ke Education Center"},"image":{"@id":"https:\/\/kanedu.ca\/fr\/#\/schema\/logo\/image\/"},"sameAs":["https:\/\/www.facebook.com\/profile.php?id=61558653038752"]}]}},"_links":{"self":[{"href":"https:\/\/kanedu.ca\/fr\/wp-json\/wp\/v2\/pages\/1913","targetHints":{"allow":["GET"]}}],"collection":[{"href":"https:\/\/kanedu.ca\/fr\/wp-json\/wp\/v2\/pages"}],"about":[{"href":"https:\/\/kanedu.ca\/fr\/wp-json\/wp\/v2\/types\/page"}],"author":[{"embeddable":true,"href":"https:\/\/kanedu.ca\/fr\/wp-json\/wp\/v2\/users\/1"}],"replies":[{"embeddable":true,"href":"https:\/\/kanedu.ca\/fr\/wp-json\/wp\/v2\/comments?post=1913"}],"version-history":[{"count":4,"href":"https:\/\/kanedu.ca\/fr\/wp-json\/wp\/v2\/pages\/1913\/revisions"}],"predecessor-version":[{"id":2767,"href":"https:\/\/kanedu.ca\/fr\/wp-json\/wp\/v2\/pages\/1913\/revisions\/2767"}],"wp:attachment":[{"href":"https:\/\/kanedu.ca\/fr\/wp-json\/wp\/v2\/media?parent=1913"}],"curies":[{"name":"wp","href":"https:\/\/api.w.org\/{rel}","templated":true}]}}